{"id":107,"date":"2015-08-14T09:58:51","date_gmt":"2015-08-14T09:58:51","guid":{"rendered":"http:\/\/puppetmaster.slb.nu\/slbanalys\/?page_id=107"},"modified":"2020-11-27T20:44:24","modified_gmt":"2020-11-27T19:44:24","slug":"rapporter","status":"publish","type":"page","link":"https:\/\/www.slb.nu\/slbanalys\/rapporter\/","title":{"rendered":"Rapporter"},"content":{"rendered":"<div class='content-column two_third'><h2>Rapporter<\/h2>\n<p>SLB-analys publicerar sedan 2019 alla egna offentliga rapporter i publikationsserien: \u201cSLB-rapporter\u201d. F\u00f6r \u00e4ldre rapporter till och med 2018 finns \u00e4ven \u201cLuftv\u00e5rdsf\u00f6rbundsrapporter\u201d (LVF-rapporter), vilka \u00e4r framtagna av SLB-analys p\u00e5 uppdrag av \u00d6stra Sveriges Luftv\u00e5rdsf\u00f6rbund.<\/p>\n<p>Ut\u00f6ver dessa finns \u201cACES-rapporter\u201d utgivna av \u201cDepartment of Environmental Science and Analytical Chemistry\u201d vid Stockholms universitet, \u201cExamensrapporter\u201d fr\u00e5n arbeten utf\u00f6rda med Luftv\u00e5rdsf\u00f6rbundets databaser och modeller samt \u201c\u00d6vriga rapporter\u201d d\u00e4r SLB-analys och Luftv\u00e5rdsf\u00f6rbundet har medverkat. Klickar du p\u00e5 \u201cSamtliga rapporter\u201d hittar du ocks\u00e5 vetenskapligt granskade publikationer.<br \/><\/div>\n<div class='content-column one_third last_column'><div style=\"padding-left:20px;\"><h4>Rapportdatabas<\/h4>\n<p><a href=\"\" onclick=\"window.open('https:\/\/www.slbanalys.se\/cgi-bin\/report\/generate_report8.cgi?homepage=slbanalys&amp;owner=alla&amp;st=lvf','name','scrollbars=1,width=670,height=750')\">Samtliga rapporter<\/a><\/p>\n<p>(databasen \u00f6ppnas i ett nytt f\u00f6nster)<br \/><\/div><\/div><div class='clear_column'><\/div>\n","protected":false},"excerpt":{"rendered":"","protected":false},"author":2,"featured_media":0,"parent":0,"menu_order":0,"comment_status":"closed","ping_status":"closed","template":"page-templates\/full-width.php","meta":[],"_links":{"self":[{"href":"https:\/\/www.slb.nu\/slbanalys\/wp-json\/wp\/v2\/pages\/107"}],"collection":[{"href":"https:\/\/www.slb.nu\/slbanalys\/wp-json\/wp\/v2\/pages"}],"about":[{"href":"https:\/\/www.slb.nu\/slbanalys\/wp-json\/wp\/v2\/types\/page"}],"author":[{"embeddable":true,"href":"https:\/\/www.slb.nu\/slbanalys\/wp-json\/wp\/v2\/users\/2"}],"replies":[{"embeddable":true,"href":"https:\/\/www.slb.nu\/slbanalys\/wp-json\/wp\/v2\/comments?post=107"}],"version-history":[{"count":55,"href":"https:\/\/www.slb.nu\/slbanalys\/wp-json\/wp\/v2\/pages\/107\/revisions"}],"predecessor-version":[{"id":6110,"href":"https:\/\/www.slb.nu\/slbanalys\/wp-json\/wp\/v2\/pages\/107\/revisions\/6110"}],"wp:attachment":[{"href":"https:\/\/www.slb.nu\/slbanalys\/wp-json\/wp\/v2\/media?parent=107"}],"curies":[{"name":"wp","href":"https:\/\/api.w.org\/{rel}","templated":true}]}}