{"id":126,"date":"2015-08-17T11:01:06","date_gmt":"2015-08-17T10:01:06","guid":{"rendered":"http:\/\/puppetmaster.slb.nu\/slbanalys\/?page_id=126"},"modified":"2026-01-08T10:31:11","modified_gmt":"2026-01-08T09:31:11","slug":"luftutredningar","status":"publish","type":"page","link":"https:\/\/www.slb.nu\/slbanalys\/luftutredningar\/","title":{"rendered":"Luftkvalitetsutredningar"},"content":{"rendered":"<div class='content-column two_third'><div style=\"padding-left:0px;\"><h2>Luftkvalitetsutredningar<\/h2>\n<p><strong>SLB-analys kan med hj\u00e4lp av enklare eller mer avancerade spridningsmodeller utreda om ny planl\u00e4ggning kommer att uppfylla gr\u00e4nsv\u00e4rdena f\u00f6r luftkvalitet, samt ge f\u00f6rslag p\u00e5 \u00e5tg\u00e4rder som f\u00f6rb\u00e4ttrar luftkvaliteten i utsatta omr\u00e5den. Vi utreder och utv\u00e4rderar \u00e4ven p\u00e5 vilket s\u00e4tt nya anl\u00e4ggningar (v\u00e4gar, industrier, energianl\u00e4ggningar etc.) p\u00e5verkar luftf\u00f6roreningshalterna och befolkningens h\u00e4lsa i omr\u00e5det.<\/strong><\/p>\n<p>SLB-analys anv\u00e4nder olika typer av meteorologiska spridningsmodeller f\u00f6r att erh\u00e5lla h\u00f6gsta kvalitet i utredningarna. Ibland kr\u00e4vs att modellerna tar h\u00e4nsyn till hur byggnader, broar och tunnelmynningar p\u00e5verkar omblandningen av luft, och d\u00e4rmed luftf\u00f6roreningshalterna, i ett planomr\u00e5de. Beroende p\u00e5 komplexitet i utredningen har vi d\u00e4rf\u00f6r en rad olika spridningsmodeller att tillg\u00e5, allt fr\u00e5n enklare gaturumsmodeller till avancerade tredimensionella CFD-modeller. Nedan f\u00f6ljer n\u00e5gra exempel p\u00e5 produkter vi kan ta fram i samband med en luftkvalitetsutredning.<\/p>\n<div id=\"attachment_802\" style=\"width: 674px\" class=\"wp-caption alignnone\"><a href=\"http:\/\/puppetmaster.slb.nu\/slbanalys\/wp-content\/uploads\/2015\/08\/luftutredningar.png\"><img aria-describedby=\"caption-attachment-802\" loading=\"lazy\" class=\"size-full wp-image-802\" src=\"http:\/\/puppetmaster.slb.nu\/slbanalys\/wp-content\/uploads\/2015\/08\/luftutredningar.png\" alt=\"Exempel p\u00e5 luftkvalitetsutredning med avancerad CFD-teknik.\" width=\"664\" height=\"243\" srcset=\"https:\/\/www.slb.nu\/slbanalys\/wp-content\/uploads\/2015\/08\/luftutredningar.png 664w, https:\/\/www.slb.nu\/slbanalys\/wp-content\/uploads\/2015\/08\/luftutredningar-300x110.png 300w, https:\/\/www.slb.nu\/slbanalys\/wp-content\/uploads\/2015\/08\/luftutredningar-624x228.png 624w, https:\/\/www.slb.nu\/slbanalys\/wp-content\/uploads\/2015\/08\/luftutredningar-400x146.png 400w\" sizes=\"(max-width: 664px) 100vw, 664px\" \/><\/a><p id=\"caption-attachment-802\" class=\"wp-caption-text\"><em>Exempel p\u00e5 luftkvalitetsutredning med avancerad CFD-teknik.<\/em><\/p><\/div>\n<p><strong>Utreda konsekvenser f\u00f6r luftkvaliteten<\/strong><br \/>\nEn luftkvalitetsutredning ger svar p\u00e5 om milj\u00f6kvalitetsnormerna enligt milj\u00f6balken och milj\u00f6kvalitetsm\u00e5len f\u00f6r Frisk luft klaras vid en planerad utbyggnad eller ny exploatering. En utredning kan \u00e4ven ge svar p\u00e5 fr\u00e5gor som &#8220;Vad h\u00e4nder med f\u00f6roreningshalterna om vi byter br\u00e4nsle i v\u00e5ra f\u00f6rbr\u00e4nningsanl\u00e4ggningar?&#8221; eller &#8220;Kommer den nya byggnaden uppfylla kriterierna f\u00f6r certifierad milj\u00f6byggnad avseende kv\u00e4vedioxid?&#8221;.<\/p>\n<p><strong>F\u00f6resl\u00e5 och utreda \u00e5tg\u00e4rder f\u00f6r att f\u00f6rb\u00e4ttra luftkvaliteten<\/strong><br \/>\nSLB-analys kan \u00e4ven ge f\u00f6rslag p\u00e5 \u00e5tg\u00e4rder som kan f\u00f6rb\u00e4ttra luftkvaliteten i ett omr\u00e5de. S\u00e5dana \u00e5tg\u00e4rder skulle till exempel kunna vara en annan utformning av planomr\u00e5det eller s\u00e5 kan vi utreda flera olika planf\u00f6rslag. Vi kan \u00e4ven peka p\u00e5 platser som kan vara l\u00e4mpliga f\u00f6r luftintag.<\/p>\n<p><!-- <strong>Ber\u00e4kna h\u00e4lsop\u00e5verkan och samh\u00e4llskostnader<\/strong>\nHur f\u00f6r\u00e4ndras exponeringen f\u00f6r befolkningen om vi genomf\u00f6r planen och hur p\u00e5verkar detta h\u00e4lsan (d\u00f6dlighet, sjuklighet)? Vad inneb\u00e4r det f\u00f6r samh\u00e4llskostnaderna? Hur kan h\u00e4lsop\u00e5verkan och samh\u00e4llskostnaderna minskas? --><\/p><\/div><\/div>\n<div class='content-column one_third last_column'><div style=\"padding-left:20px;\"><h4>Kontaktinformation<\/h4>\n<p>info@slb.nu<br \/>\n<!--\n\n\n<h4 data-canvas-width=\"101.96572862745099\">Produktblad<\/h4>\n\n\n<a href=\"http:\/\/puppetmaster.slb.nu\/slbanalys\/wp-content\/uploads\/2015\/08\/modeller.pdf\"><img loading=\"lazy\" src=\"http:\/\/puppetmaster.slb.nu\/slbanalys\/wp-content\/uploads\/2015\/08\/Adobe_PDF_file_icon_24x24.png\" alt=\"Adobe_PDF_file_icon_24x24\" width=\"24\" height=\"24\" \/> luftutredningar.pdf<\/a>--><\/p>\n<div style=\"background: #efefef; border-radius: 5px; padding: 8px;\">\n<h4 data-canvas-width=\"101.96572862745099\">Referensuppdrag<\/h4>\n<p>SLB-analys genomf\u00f6r uppemot 50 luftkvalitetsutredningar per \u00e5r. Nedan f\u00f6ljer exempel p\u00e5 n\u00e5gra uppdrag vi genomf\u00f6rt.<br \/>\n<span style=\"font-size: 90%;\"><br \/>\n<strong>Timotejen, Stockholm<\/strong><br \/>\nCFD-ber\u00e4kningar f\u00f6r halter av partiklar och kv\u00e4vedioxid f\u00f6r ny och f\u00f6r\u00e4ndrad bebyggelse vid LM Ericssons gamla kontorsbyggnad.<br \/>\nALM Equity AB, 2015<br \/>\n<\/span><span style=\"font-size: 90%;\"><br \/>\n<strong>Slussen bussterminal, Stockholm<\/strong><br \/>\nCFD-ber\u00e4kningar f\u00f6r utsl\u00e4pp av luftf\u00f6roreningar fr\u00e5n ny bussterminal.<br \/>\nTyr\u00e9ns, Stockholms stad, 2015<br \/>\n<\/span><span style=\"font-size: 90%;\"><br \/>\n<strong>Valhallav\u00e4gen, Stockholm<\/strong><br \/>\nCFD-ber\u00e4kningar f\u00f6r halter av partiklar och kv\u00e4vedioxid f\u00f6r ny bebyggelse l\u00e4ngs Valhallav\u00e4gen.<br \/>\nExploateringskontoret, Stockholms stad, 2015<br \/>\n<\/span><span style=\"font-size: 90%;\"><br \/>\n<strong>Slakthusomr\u00e5det, Stockholm<\/strong><br \/>\nSpridnings- och gaturumsber\u00e4kningar f\u00f6r halter av partiklar och kv\u00e4vedioxid vid ny exploatering.<br \/>\nExploateringskontoret, Stockholms stad, 2015<br \/>\n<\/span><span style=\"font-size: 90%;\"><br \/>\n<strong>Kyrkvikens f\u00f6rskola, Nacka<\/strong><br \/>\nSpridningsber\u00e4kningar f\u00f6r halter av partiklar och kv\u00e4vedioxid vid tillf\u00e4llig f\u00f6rskola.<br \/>\nNacka kommun, 2015<br \/>\n<\/span><\/p>\n<\/div><\/div><\/div><div class='clear_column'><\/div>\n","protected":false},"excerpt":{"rendered":"","protected":false},"author":2,"featured_media":0,"parent":0,"menu_order":0,"comment_status":"closed","ping_status":"closed","template":"page-templates\/full-width.php","meta":[],"_links":{"self":[{"href":"https:\/\/www.slb.nu\/slbanalys\/wp-json\/wp\/v2\/pages\/126"}],"collection":[{"href":"https:\/\/www.slb.nu\/slbanalys\/wp-json\/wp\/v2\/pages"}],"about":[{"href":"https:\/\/www.slb.nu\/slbanalys\/wp-json\/wp\/v2\/types\/page"}],"author":[{"embeddable":true,"href":"https:\/\/www.slb.nu\/slbanalys\/wp-json\/wp\/v2\/users\/2"}],"replies":[{"embeddable":true,"href":"https:\/\/www.slb.nu\/slbanalys\/wp-json\/wp\/v2\/comments?post=126"}],"version-history":[{"count":86,"href":"https:\/\/www.slb.nu\/slbanalys\/wp-json\/wp\/v2\/pages\/126\/revisions"}],"predecessor-version":[{"id":6147,"href":"https:\/\/www.slb.nu\/slbanalys\/wp-json\/wp\/v2\/pages\/126\/revisions\/6147"}],"wp:attachment":[{"href":"https:\/\/www.slb.nu\/slbanalys\/wp-json\/wp\/v2\/media?parent=126"}],"curies":[{"name":"wp","href":"https:\/\/api.w.org\/{rel}","templated":true}]}}