{"id":1291,"date":"2016-02-11T07:30:28","date_gmt":"2016-02-11T07:30:28","guid":{"rendered":"http:\/\/puppetmaster.slb.nu\/slbanalys\/?page_id=1291"},"modified":"2024-04-18T10:55:07","modified_gmt":"2024-04-18T08:55:07","slug":"dubbdack","status":"publish","type":"page","link":"https:\/\/www.slb.nu\/slbanalys\/dubbdack\/","title":{"rendered":"Dubbd\u00e4ck"},"content":{"rendered":"<h2>Dubbd\u00e4cksandelar<\/h2>\n<p>Halterna av partiklar, PM10, i luften best\u00e5r till stor del av mycket sm\u00e5 slitagepartiklar. Dessa orsakas fr\u00e4mst av att bilarnas dubbd\u00e4ck river upp asfalten. F\u00f6r att ta reda p\u00e5 utsl\u00e4ppen av slitagepartiklar kontrolleras anv\u00e4ndningen av dubbd\u00e4ck i regionen varje vinterhalv\u00e5r. Kontrollerna g\u00f6rs manuellt p\u00e5 rullande personbilar och l\u00e4tta lastbilar under vardagar mellan klockan 08:00 och 15:00. Vid varje tillf\u00e4lle r\u00e4knas ungef\u00e4r 200 fordon.<\/p>\n<p>Nedan visas registrerade dubbd\u00e4cksandelar under vinterhalv\u00e5ret 2023-2024 p\u00e5 Stockholms infartsleder och innerstadsgator. Diagrammet uppdateras fortl\u00f6pande. Innerstadsgator med dubbd\u00e4cksf\u00f6rbud (Hornsgatan, Fleminggatan och Kungsgatan) redovisas separat. F\u00f6r infartsleder finns \u00e4ven den f\u00f6reg\u00e5ende vinters\u00e4songens dubbd\u00e4cksandelar inlagda som en svart punktstreckad linje.<\/p>\n<p><strong>Dubbd\u00e4cksandelar under vinterhalv\u00e5ret 2023-2024<\/strong><br \/>\n<img src=\"\/slbanalys\/data\/dubb\/infartsl_innerstadsg_hornsg.gif\"><\/p>\n","protected":false},"excerpt":{"rendered":"<p>Dubbd\u00e4cksandelar Halterna av partiklar, PM10, i luften best\u00e5r till stor del av mycket sm\u00e5 slitagepartiklar. Dessa orsakas fr\u00e4mst av att bilarnas dubbd\u00e4ck river upp asfalten. F\u00f6r att ta reda p\u00e5 utsl\u00e4ppen av slitagepartiklar kontrolleras anv\u00e4ndningen av dubbd\u00e4ck i regionen varje vinterhalv\u00e5r. Kontrollerna g\u00f6rs manuellt p\u00e5 rullande personbilar och l\u00e4tta lastbilar under vardagar mellan klockan 08:00 [&hellip;]<\/p>\n","protected":false},"author":2,"featured_media":0,"parent":0,"menu_order":0,"comment_status":"closed","ping_status":"closed","template":"","meta":[],"_links":{"self":[{"href":"https:\/\/www.slb.nu\/slbanalys\/wp-json\/wp\/v2\/pages\/1291"}],"collection":[{"href":"https:\/\/www.slb.nu\/slbanalys\/wp-json\/wp\/v2\/pages"}],"about":[{"href":"https:\/\/www.slb.nu\/slbanalys\/wp-json\/wp\/v2\/types\/page"}],"author":[{"embeddable":true,"href":"https:\/\/www.slb.nu\/slbanalys\/wp-json\/wp\/v2\/users\/2"}],"replies":[{"embeddable":true,"href":"https:\/\/www.slb.nu\/slbanalys\/wp-json\/wp\/v2\/comments?post=1291"}],"version-history":[{"count":40,"href":"https:\/\/www.slb.nu\/slbanalys\/wp-json\/wp\/v2\/pages\/1291\/revisions"}],"predecessor-version":[{"id":5781,"href":"https:\/\/www.slb.nu\/slbanalys\/wp-json\/wp\/v2\/pages\/1291\/revisions\/5781"}],"wp:attachment":[{"href":"https:\/\/www.slb.nu\/slbanalys\/wp-json\/wp\/v2\/media?parent=1291"}],"curies":[{"name":"wp","href":"https:\/\/api.w.org\/{rel}","templated":true}]}}