{"id":2079,"date":"2016-03-03T12:43:38","date_gmt":"2016-03-03T11:43:38","guid":{"rendered":"http:\/\/puppetmaster.slb.nu\/slbanalys\/?page_id=2079"},"modified":"2016-03-09T07:34:51","modified_gmt":"2016-03-09T06:34:51","slug":"emil","status":"publish","type":"page","link":"https:\/\/www.slb.nu\/slbanalys\/forskning\/emil\/","title":{"rendered":"EMIL"},"content":{"rendered":"<div class='content-column two_third'><strong>EMIL (Etiological Mechanisms of air pollution effects in the Infant Lung )<\/strong><\/p>\n<p>I projektet EMIL kommer det att unders\u00f6kas hur exponering f\u00f6r h\u00f6ga halter av trafikrelaterade luftf\u00f6roreningar under graviditeten och f\u00f6rsta levnadsm\u00e5naderna p\u00e5verkar lungfunktionen hos sp\u00e4dbarn.<\/p>\n<p>Nyf\u00f6dda barn i Stockholms l\u00e4n kommer att rekryteras utifr\u00e5n bos\u00e4ttning p\u00e5 gator med h\u00f6ga luftf\u00f6roreningshalter. Rekryteringen av ca 100 h\u00f6gexponerade barn kommer startas under v\u00e5ren 2014 och p\u00e5g\u00e5 under tv\u00e5 \u00e5r. Vid 6 m\u00e5naders \u00e5lder kommer det att tas blodprov och utf\u00f6ras lungfunktionsm\u00e4tningar p\u00e5 barnen. Resultaten fr\u00e5n de h\u00f6gexponerade barnen kommer att j\u00e4mf\u00f6ras med en kontrollgrupp best\u00e5ende av 100 l\u00e5gexponerade barn.<\/p>\n<p>SLB-analys roll i projektet \u00e4r att ta fram underlag \u00f6ver omr\u00e5den och gator i Stockholms l\u00e4n med h\u00f6g &#8211; respektive l\u00e5g exponering av luftf\u00f6roreningar.<\/p>\n<p>Koordinator: G\u00f6ran Pershagen, institutet f\u00f6r Milj\u00f6medicin, Karolinska institutet.<\/p>\n<p>Finansi\u00e4r: Formas.<br \/><\/div>\n<div class='content-column one_third last_column'><div style=\"padding-left:20px;\"><h2>P\u00e5g\u00e5ende projekt:<\/h2>\n<p><strong>\u00c5tg\u00e4rder, emissioner:<\/strong><br \/>\n<div class=\"menu-forskning_atgarder-container\"><ul id=\"short_menu_69ef54f5ce881\" class=\"shortcode_menu  wpsm-menu wpsm-vertical menu_enhance  \"><li id=\"menu-item-3512\" class=\"menu-item menu-item-type-post_type menu-item-object-page menu-item-3512\"><a href=\"https:\/\/www.slb.nu\/slbanalys\/forskning\/clarity\/\">CLARITY<\/a><\/li>\n<li id=\"menu-item-4369\" class=\"menu-item menu-item-type-post_type menu-item-object-page menu-item-4369\"><a href=\"https:\/\/www.slb.nu\/slbanalys\/forskning\/nordust-ii\/\">Nordust II<\/a><\/li>\n<li id=\"menu-item-4562\" class=\"menu-item menu-item-type-post_type menu-item-object-page menu-item-4562\"><a href=\"https:\/\/www.slb.nu\/slbanalys\/bullerskarmar-som-atgard-mot-hoga-halter-av-luftfororeningar\/\">Bullersk\u00e4rmar som \u00e5tg\u00e4rd mot h\u00f6ga halter av luftf\u00f6roreningar<\/a><\/li>\n<li id=\"menu-item-4976\" class=\"menu-item menu-item-type-post_type menu-item-object-page menu-item-4976\"><a href=\"https:\/\/www.slb.nu\/slbanalys\/covid-19\/\">COVID-19<\/a><\/li>\n<li id=\"menu-item-4977\" class=\"menu-item menu-item-type-post_type menu-item-object-page menu-item-4977\"><a href=\"https:\/\/www.slb.nu\/slbanalys\/ihorse\/\">iHorse<\/a><\/li>\n<\/ul><\/div><div class=\"clear\"><\/div>\n\t\t\t<style>\n\t\t\t\t#short_menu_69ef54f5ce881 {  }\n\t\t\t\t#short_menu_69ef54f5ce881 ul.wpsm-arrow-enabled:before { color:rgba(0,0,0,0.8); } \n\t\t\t\t#short_menu_69ef54f5ce881 ul, #short_menu_69ef54f5ce881 ul ul { background: rgba(0,0,0,0.8); }\n\t\t\t\t#short_menu_69ef54f5ce881 a {  }\n\t\t\t\t#short_menu_69ef54f5ce881 a:hover {  }\n\t\t\t\t#short_menu_69ef54f5ce881 ul a { color:#e0e0e0;  }\n\t\t\t\t#short_menu_69ef54f5ce881 ul a:hover { color:#ffffff;  }\n\t\t\t\t\n\t\t\t<\/style>\n\t\t\t<script type=\"text\/javascript\">\n\t\t\t\tvar show_arrow = \"true\";var $sm = jQuery.noConflict();\n\t\t\t\t\tjQuery(function ($) {\n\t\t\t\t\t\t$(\"#short_menu_69ef54f5ce881\").tinyNav();\n\t\t\t\t\t\t$(\"#short_menu_69ef54f5ce881\").next().addClass(\"shortcode-menu-mobile\");\n\t\t\t\t\t\t\n\t\t\t\t\t\tshortcode_menu_responsive();\n\t\t\t\t\t});\n\t\t\t\t\tjQuery(window).resize(function($){\n\t\t\t\t\t\tshortcode_menu_responsive();\n\t\t\t\t\t});\n\t\t\t\t\tfunction shortcode_menu_responsive()\n\t\t\t\t\t{\n\t\t\t\t\t\tvar window_width = $sm(window).width();\n\t\t\t\t\t\tif(window_width <= 650)\n\t\t\t\t\t\t{\n\t\t\t\t\t\t\t$sm(\"#short_menu_69ef54f5ce881\").hide();\n\t\t\t\t\t\t\t$sm(\"#short_menu_69ef54f5ce881\").next().show();\n\t\t\t\t\t\t}\n\t\t\t\t\t\telse\n\t\t\t\t\t\t{\n\t\t\t\t\t\t\t$sm(\"#short_menu_69ef54f5ce881\").show();\n\t\t\t\t\t\t\t$sm(\"#short_menu_69ef54f5ce881\").next().hide();\n\t\t\t\t\t\t}\n\t\t\t\t\t}<\/script><\/p>\n<p><strong>Exponering och h\u00e4lsa:<\/strong><br \/>\n<div class=\"menu-forskning_exponering-container\"><ul id=\"short_menu_69ef54f5d0473\" class=\"shortcode_menu  wpsm-menu wpsm-vertical menu_enhance  \"><li id=\"menu-item-4931\" class=\"menu-item menu-item-type-post_type menu-item-object-page menu-item-4931\"><a href=\"https:\/\/www.slb.nu\/slbanalys\/npets-nano-particle-emissions-from-the-transport-sector\/\">nPETS \u2013 nano Particle Emissions from the Transport Sector<\/a><\/li>\n<li id=\"menu-item-2088\" class=\"menu-item menu-item-type-post_type menu-item-object-page menu-item-2088\"><a href=\"https:\/\/www.slb.nu\/slbanalys\/forskning\/emil\/\">EMIL<\/a><\/li>\n<li id=\"menu-item-2087\" class=\"menu-item menu-item-type-post_type menu-item-object-page menu-item-2087\"><a href=\"https:\/\/www.slb.nu\/slbanalys\/forskning\/bamse\/\">BAMSE<\/a><\/li>\n<li id=\"menu-item-2933\" class=\"menu-item menu-item-type-post_type menu-item-object-page menu-item-2933\"><a href=\"https:\/\/www.slb.nu\/slbanalys\/forskning\/boendes-exponering\/\">Boendes exponering<\/a><\/li>\n<li id=\"menu-item-3504\" class=\"menu-item menu-item-type-post_type menu-item-object-page menu-item-3504\"><a href=\"https:\/\/www.slb.nu\/slbanalys\/forskning\/smurbs\/\">SMURBS<\/a><\/li>\n<li id=\"menu-item-4370\" class=\"menu-item menu-item-type-post_type menu-item-object-page menu-item-4370\"><a href=\"https:\/\/www.slb.nu\/slbanalys\/forskning\/scapis-2\/\">SCAPIS<\/a><\/li>\n<li id=\"menu-item-4373\" class=\"menu-item menu-item-type-post_type menu-item-object-page menu-item-4373\"><a href=\"https:\/\/www.slb.nu\/slbanalys\/forskning\/screening-av-halsofarliga-amnen\/\">Screening av h\u00e4lsofarliga \u00e4mnen<\/a><\/li>\n<li id=\"menu-item-4561\" class=\"menu-item menu-item-type-post_type menu-item-object-page menu-item-4561\"><a href=\"https:\/\/www.slb.nu\/slbanalys\/battre-metoder-att-beskriva-halsovinster-av-minskad-luftfororeningsexponering-fran-vagtrafik-2\/\">B\u00e4ttre metoder att beskriva h\u00e4lsovinster av minskad luftf\u00f6roreningsexponering fr\u00e5n v\u00e4gtrafik<\/a><\/li>\n<\/ul><\/div><div class=\"clear\"><\/div>\n\t\t\t<style>\n\t\t\t\t#short_menu_69ef54f5d0473 {  }\n\t\t\t\t#short_menu_69ef54f5d0473 ul.wpsm-arrow-enabled:before { color:rgba(0,0,0,0.8); } \n\t\t\t\t#short_menu_69ef54f5d0473 ul, #short_menu_69ef54f5d0473 ul ul { background: rgba(0,0,0,0.8); }\n\t\t\t\t#short_menu_69ef54f5d0473 a {  }\n\t\t\t\t#short_menu_69ef54f5d0473 a:hover {  }\n\t\t\t\t#short_menu_69ef54f5d0473 ul a { color:#e0e0e0;  }\n\t\t\t\t#short_menu_69ef54f5d0473 ul a:hover { color:#ffffff;  }\n\t\t\t\t\n\t\t\t<\/style>\n\t\t\t<script type=\"text\/javascript\">\n\t\t\t\tvar show_arrow = \"true\";<\/script><br \/><\/div><\/div><div class='clear_column'><\/div>\n","protected":false},"excerpt":{"rendered":"","protected":false},"author":2,"featured_media":0,"parent":121,"menu_order":0,"comment_status":"closed","ping_status":"closed","template":"page-templates\/full-width.php","meta":[],"_links":{"self":[{"href":"https:\/\/www.slb.nu\/slbanalys\/wp-json\/wp\/v2\/pages\/2079"}],"collection":[{"href":"https:\/\/www.slb.nu\/slbanalys\/wp-json\/wp\/v2\/pages"}],"about":[{"href":"https:\/\/www.slb.nu\/slbanalys\/wp-json\/wp\/v2\/types\/page"}],"author":[{"embeddable":true,"href":"https:\/\/www.slb.nu\/slbanalys\/wp-json\/wp\/v2\/users\/2"}],"replies":[{"embeddable":true,"href":"https:\/\/www.slb.nu\/slbanalys\/wp-json\/wp\/v2\/comments?post=2079"}],"version-history":[{"count":3,"href":"https:\/\/www.slb.nu\/slbanalys\/wp-json\/wp\/v2\/pages\/2079\/revisions"}],"predecessor-version":[{"id":2445,"href":"https:\/\/www.slb.nu\/slbanalys\/wp-json\/wp\/v2\/pages\/2079\/revisions\/2445"}],"up":[{"embeddable":true,"href":"https:\/\/www.slb.nu\/slbanalys\/wp-json\/wp\/v2\/pages\/121"}],"wp:attachment":[{"href":"https:\/\/www.slb.nu\/slbanalys\/wp-json\/wp\/v2\/media?parent=2079"}],"curies":[{"name":"wp","href":"https:\/\/api.w.org\/{rel}","templated":true}]}}