{"id":2081,"date":"2016-03-03T12:43:51","date_gmt":"2016-03-03T11:43:51","guid":{"rendered":"http:\/\/puppetmaster.slb.nu\/slbanalys\/?page_id=2081"},"modified":"2016-03-09T07:35:14","modified_gmt":"2016-03-09T06:35:14","slug":"bamse","status":"publish","type":"page","link":"https:\/\/www.slb.nu\/slbanalys\/forskning\/bamse\/","title":{"rendered":"BAMSE"},"content":{"rendered":"<div class='content-column two_third'><h2>BAMSE (Barn &#8211; Allergi &#8211; Milj\u00f6 &#8211; Stockholm &#8211; Epidemiologi)<\/h2>\n<p>BAMSE-projektet startade 1994 och har sedan dess f\u00f6ljt mer \u00e4n 4 000 barn f\u00f6dda 1994-1996 i f\u00f6rv\u00e4g utvalda omr\u00e5den i Stockholms l\u00e4n. De har f\u00f6ljts upprepade g\u00e5nger med fr\u00e5geformul\u00e4r och unders\u00f6kningar (vid 0, 1, 2, 4, 8, 12 och 16 \u00e5r). Syftet med BAMSE-projektet \u00e4r att ta reda p\u00e5 om luftf\u00f6roreningar som barnet uts\u00e4tts f\u00f6r p\u00e5verkar risken att utveckla astma och allergier senare i livet. Tack vare studien har vi redan f\u00e5tt v\u00e4rdefull kunskap om hur milj\u00f6n p\u00e5verkar barns astma och allergi. Den \u00f6kade kunskapen g\u00f6r det m\u00f6jligt f\u00f6r oss att bromsa \u00f6kningen av astma och allergi, men ocks\u00e5 m\u00f6jligheter att lindra symptomen av dem som lider.<\/p>\n<p>BAMSE studien har just avslutat insamlingen av de 16 \u00e5r \u00f6vervakningsdata. Denna uppf\u00f6ljning bestod av b\u00e5de en enk\u00e4t och en klinisk unders\u00f6kning inklusive lungfunktion och allergitester. SLB-analys roll var\u00a0att ber\u00e4kna \u00e5rliga halter kv\u00e4veoxider (NOx), partiklar (PM10), svaveldioxid (SO2), kv\u00e4vedioxid (NO2) och sot i utomhusluften f\u00f6r \u00f6ver 10\u00a0000 unika adresskoordinater i Stockholms och Uppsala l\u00e4n f\u00f6r perioden 1993-2013 .<br \/>\nProjektets hemsida: : <a href=\"http:\/\/camm.sll.se\/var-verksamhet\/projekt\/bamse-studien\/\">http:\/\/camm.sll.se\/var-verksamhet\/projekt\/bamse-studien\/<\/a><br \/>\nMedverkande:\u00a0Karolinska Institutet och Stockholms l\u00e4ns landsting. Andra samarbetspartners \u00e4r Astrid Lindgrens barnsjukhus, Sachsska barnsjukhuset samt EU-konsortiumet MeDALL.<\/p>\n<p>Finansi\u00e4rer: Stockholms l\u00e4ns landsting, V\u00e5rdalstiftelsen, Astma- och allergifonden, Hj\u00e4rt-Lungfonden, Stiftelsen Frimurare Barnhuset i Stockholm, Naturv\u00e5rdsverket, Byggforskningsr\u00e5det, Vetenskapsr\u00e5det, FORTE (fd FAS), FORMAS samt EU-projektet MeDALL.<br \/><\/div>\n<div class='content-column one_third last_column'><div style=\"padding-left:20px;\"><h2>P\u00e5g\u00e5ende projekt:<\/h2>\n<p><strong>\u00c5tg\u00e4rder, emissioner:<\/strong><br \/>\n<div class=\"menu-forskning_atgarder-container\"><ul id=\"short_menu_69f72efc9795f\" class=\"shortcode_menu  wpsm-menu wpsm-vertical menu_enhance  \"><li id=\"menu-item-3512\" class=\"menu-item menu-item-type-post_type menu-item-object-page menu-item-3512\"><a href=\"https:\/\/www.slb.nu\/slbanalys\/forskning\/clarity\/\">CLARITY<\/a><\/li>\n<li id=\"menu-item-4369\" class=\"menu-item menu-item-type-post_type menu-item-object-page menu-item-4369\"><a href=\"https:\/\/www.slb.nu\/slbanalys\/forskning\/nordust-ii\/\">Nordust II<\/a><\/li>\n<li id=\"menu-item-4562\" class=\"menu-item menu-item-type-post_type menu-item-object-page menu-item-4562\"><a href=\"https:\/\/www.slb.nu\/slbanalys\/bullerskarmar-som-atgard-mot-hoga-halter-av-luftfororeningar\/\">Bullersk\u00e4rmar som \u00e5tg\u00e4rd mot h\u00f6ga halter av luftf\u00f6roreningar<\/a><\/li>\n<li id=\"menu-item-4976\" class=\"menu-item menu-item-type-post_type menu-item-object-page menu-item-4976\"><a href=\"https:\/\/www.slb.nu\/slbanalys\/covid-19\/\">COVID-19<\/a><\/li>\n<li id=\"menu-item-4977\" class=\"menu-item menu-item-type-post_type menu-item-object-page menu-item-4977\"><a href=\"https:\/\/www.slb.nu\/slbanalys\/ihorse\/\">iHorse<\/a><\/li>\n<\/ul><\/div><div class=\"clear\"><\/div>\n\t\t\t<style>\n\t\t\t\t#short_menu_69f72efc9795f {  }\n\t\t\t\t#short_menu_69f72efc9795f ul.wpsm-arrow-enabled:before { color:rgba(0,0,0,0.8); } \n\t\t\t\t#short_menu_69f72efc9795f ul, #short_menu_69f72efc9795f ul ul { background: rgba(0,0,0,0.8); }\n\t\t\t\t#short_menu_69f72efc9795f a {  }\n\t\t\t\t#short_menu_69f72efc9795f a:hover {  }\n\t\t\t\t#short_menu_69f72efc9795f ul a { color:#e0e0e0;  }\n\t\t\t\t#short_menu_69f72efc9795f ul a:hover { color:#ffffff;  }\n\t\t\t\t\n\t\t\t<\/style>\n\t\t\t<script type=\"text\/javascript\">\n\t\t\t\tvar show_arrow = \"true\";var $sm = jQuery.noConflict();\n\t\t\t\t\tjQuery(function ($) {\n\t\t\t\t\t\t$(\"#short_menu_69f72efc9795f\").tinyNav();\n\t\t\t\t\t\t$(\"#short_menu_69f72efc9795f\").next().addClass(\"shortcode-menu-mobile\");\n\t\t\t\t\t\t\n\t\t\t\t\t\tshortcode_menu_responsive();\n\t\t\t\t\t});\n\t\t\t\t\tjQuery(window).resize(function($){\n\t\t\t\t\t\tshortcode_menu_responsive();\n\t\t\t\t\t});\n\t\t\t\t\tfunction shortcode_menu_responsive()\n\t\t\t\t\t{\n\t\t\t\t\t\tvar window_width = $sm(window).width();\n\t\t\t\t\t\tif(window_width <= 650)\n\t\t\t\t\t\t{\n\t\t\t\t\t\t\t$sm(\"#short_menu_69f72efc9795f\").hide();\n\t\t\t\t\t\t\t$sm(\"#short_menu_69f72efc9795f\").next().show();\n\t\t\t\t\t\t}\n\t\t\t\t\t\telse\n\t\t\t\t\t\t{\n\t\t\t\t\t\t\t$sm(\"#short_menu_69f72efc9795f\").show();\n\t\t\t\t\t\t\t$sm(\"#short_menu_69f72efc9795f\").next().hide();\n\t\t\t\t\t\t}\n\t\t\t\t\t}<\/script><\/p>\n<p><strong>Exponering och h\u00e4lsa:<\/strong><br \/>\n<div class=\"menu-forskning_exponering-container\"><ul id=\"short_menu_69f72efc9953d\" class=\"shortcode_menu  wpsm-menu wpsm-vertical menu_enhance  \"><li id=\"menu-item-4931\" class=\"menu-item menu-item-type-post_type menu-item-object-page menu-item-4931\"><a href=\"https:\/\/www.slb.nu\/slbanalys\/npets-nano-particle-emissions-from-the-transport-sector\/\">nPETS \u2013 nano Particle Emissions from the Transport Sector<\/a><\/li>\n<li id=\"menu-item-2088\" class=\"menu-item menu-item-type-post_type menu-item-object-page menu-item-2088\"><a href=\"https:\/\/www.slb.nu\/slbanalys\/forskning\/emil\/\">EMIL<\/a><\/li>\n<li id=\"menu-item-2087\" class=\"menu-item menu-item-type-post_type menu-item-object-page menu-item-2087\"><a href=\"https:\/\/www.slb.nu\/slbanalys\/forskning\/bamse\/\">BAMSE<\/a><\/li>\n<li id=\"menu-item-2933\" class=\"menu-item menu-item-type-post_type menu-item-object-page menu-item-2933\"><a href=\"https:\/\/www.slb.nu\/slbanalys\/forskning\/boendes-exponering\/\">Boendes exponering<\/a><\/li>\n<li id=\"menu-item-3504\" class=\"menu-item menu-item-type-post_type menu-item-object-page menu-item-3504\"><a href=\"https:\/\/www.slb.nu\/slbanalys\/forskning\/smurbs\/\">SMURBS<\/a><\/li>\n<li id=\"menu-item-4370\" class=\"menu-item menu-item-type-post_type menu-item-object-page menu-item-4370\"><a href=\"https:\/\/www.slb.nu\/slbanalys\/forskning\/scapis-2\/\">SCAPIS<\/a><\/li>\n<li id=\"menu-item-4373\" class=\"menu-item menu-item-type-post_type menu-item-object-page menu-item-4373\"><a href=\"https:\/\/www.slb.nu\/slbanalys\/forskning\/screening-av-halsofarliga-amnen\/\">Screening av h\u00e4lsofarliga \u00e4mnen<\/a><\/li>\n<li id=\"menu-item-4561\" class=\"menu-item menu-item-type-post_type menu-item-object-page menu-item-4561\"><a href=\"https:\/\/www.slb.nu\/slbanalys\/battre-metoder-att-beskriva-halsovinster-av-minskad-luftfororeningsexponering-fran-vagtrafik-2\/\">B\u00e4ttre metoder att beskriva h\u00e4lsovinster av minskad luftf\u00f6roreningsexponering fr\u00e5n v\u00e4gtrafik<\/a><\/li>\n<\/ul><\/div><div class=\"clear\"><\/div>\n\t\t\t<style>\n\t\t\t\t#short_menu_69f72efc9953d {  }\n\t\t\t\t#short_menu_69f72efc9953d ul.wpsm-arrow-enabled:before { color:rgba(0,0,0,0.8); } \n\t\t\t\t#short_menu_69f72efc9953d ul, #short_menu_69f72efc9953d ul ul { background: rgba(0,0,0,0.8); }\n\t\t\t\t#short_menu_69f72efc9953d a {  }\n\t\t\t\t#short_menu_69f72efc9953d a:hover {  }\n\t\t\t\t#short_menu_69f72efc9953d ul a { color:#e0e0e0;  }\n\t\t\t\t#short_menu_69f72efc9953d ul a:hover { color:#ffffff;  }\n\t\t\t\t\n\t\t\t<\/style>\n\t\t\t<script type=\"text\/javascript\">\n\t\t\t\tvar show_arrow = \"true\";<\/script><br \/><\/div><\/div><div class='clear_column'><\/div>\n","protected":false},"excerpt":{"rendered":"","protected":false},"author":2,"featured_media":0,"parent":121,"menu_order":0,"comment_status":"closed","ping_status":"closed","template":"page-templates\/full-width.php","meta":[],"_links":{"self":[{"href":"https:\/\/www.slb.nu\/slbanalys\/wp-json\/wp\/v2\/pages\/2081"}],"collection":[{"href":"https:\/\/www.slb.nu\/slbanalys\/wp-json\/wp\/v2\/pages"}],"about":[{"href":"https:\/\/www.slb.nu\/slbanalys\/wp-json\/wp\/v2\/types\/page"}],"author":[{"embeddable":true,"href":"https:\/\/www.slb.nu\/slbanalys\/wp-json\/wp\/v2\/users\/2"}],"replies":[{"embeddable":true,"href":"https:\/\/www.slb.nu\/slbanalys\/wp-json\/wp\/v2\/comments?post=2081"}],"version-history":[{"count":4,"href":"https:\/\/www.slb.nu\/slbanalys\/wp-json\/wp\/v2\/pages\/2081\/revisions"}],"predecessor-version":[{"id":2446,"href":"https:\/\/www.slb.nu\/slbanalys\/wp-json\/wp\/v2\/pages\/2081\/revisions\/2446"}],"up":[{"embeddable":true,"href":"https:\/\/www.slb.nu\/slbanalys\/wp-json\/wp\/v2\/pages\/121"}],"wp:attachment":[{"href":"https:\/\/www.slb.nu\/slbanalys\/wp-json\/wp\/v2\/media?parent=2081"}],"curies":[{"name":"wp","href":"https:\/\/api.w.org\/{rel}","templated":true}]}}