{"id":2460,"date":"2016-03-09T12:54:30","date_gmt":"2016-03-09T11:54:30","guid":{"rendered":"http:\/\/puppetmaster.slb.nu\/slbanalys\/?page_id=2460"},"modified":"2024-10-04T21:11:49","modified_gmt":"2024-10-04T19:11:49","slug":"historiska-data-luft","status":"publish","type":"page","link":"https:\/\/www.slb.nu\/slbanalys\/historiska-data-luft\/","title":{"rendered":"Historiska data"},"content":{"rendered":"<script>\njQuery(document).ready(function() {\n    jQuery('.tabs .tab-links a').on('click', function(e)  {\n        var currentAttrValue = jQuery(this).attr('href');\n        \/\/ Show\/Hide Tabs\n        jQuery('.tabs ' + currentAttrValue).show().siblings().hide();\n        \/\/ Change\/remove current tab to active\n        jQuery(this).parent('li').addClass('active').siblings().removeClass('active');\n        e.preventDefault();\n    });\n});\n<\/script>\n\n<h2>Historiska data<\/h2>\n<p>Ligger nere tills vidare f\u00f6r underh\u00e5ll<br \/>\n<!---\nNedan kan du se och h\u00e4mta historiska data fr\u00e5n tim- och dygnsdatabasen. Nedladdning av historiska data \u00e4r bara m\u00f6jlig f\u00f6r kvalitetss\u00e4krad data fr\u00e5n f\u00f6reg\u00e5ende \u00e5r. F\u00f6r att ladda ned data m\u00e5ste f\u00f6rst grafen visas f\u00f6r den tidsperiod och det \u00e4mne du valt. F\u00f6r \u00f6versiktskarta och beskrivning av de fasta m\u00e4tstationerna, se Verksamhet &gt; <a href=\"https:\/\/www.slb.nu\/slbanalys\/matningar\/\">Luft\u00f6vervakning<\/a>.\n\n\n<div class=\"tabs\">\n\n\n<ul class=\"tab-links\">\n \t\n\n<li class=\"active\"><a href=\"#tab1\">Timdatabas<\/a><\/li>\n\n\n \t\n\n<li><a href=\"#tab2\">Dygnsdatabas<\/a><\/li>\n\n\n<\/ul>\n\n\n\n\n<div class=\"tab-content-slb\">\n\n\n<div id=\"tab1\" class=\"tab active\">\n<iframe src=\"\/data\/open\/ny2_air_timdatabas.php\" width=\"730\" height=\"570\">\n\nYour browser does not support iframes.\n\n<\/iframe><\/div>\n\n\n\n\n<div id=\"tab2\" class=\"tab active\">\n<iframe src=\"\/data\/open\/ny2_air_dygnsdatabas.php\" width=\"730\" height=\"570\">\n\nYour browser does not support iframes.\n\n<\/iframe><\/div>\n\n\n<\/div>\n\n\n<\/div>\n\n\n<script>jQuery(document).ready(function ($) {setTimeout(function() {$('#tab2').hide();},300);});<\/script>\n--><\/p>\n","protected":false},"excerpt":{"rendered":"<p>Historiska data Ligger nere tills vidare f\u00f6r underh\u00e5ll<\/p>\n","protected":false},"author":2,"featured_media":0,"parent":0,"menu_order":0,"comment_status":"closed","ping_status":"closed","template":"","meta":[],"_links":{"self":[{"href":"https:\/\/www.slb.nu\/slbanalys\/wp-json\/wp\/v2\/pages\/2460"}],"collection":[{"href":"https:\/\/www.slb.nu\/slbanalys\/wp-json\/wp\/v2\/pages"}],"about":[{"href":"https:\/\/www.slb.nu\/slbanalys\/wp-json\/wp\/v2\/types\/page"}],"author":[{"embeddable":true,"href":"https:\/\/www.slb.nu\/slbanalys\/wp-json\/wp\/v2\/users\/2"}],"replies":[{"embeddable":true,"href":"https:\/\/www.slb.nu\/slbanalys\/wp-json\/wp\/v2\/comments?post=2460"}],"version-history":[{"count":40,"href":"https:\/\/www.slb.nu\/slbanalys\/wp-json\/wp\/v2\/pages\/2460\/revisions"}],"predecessor-version":[{"id":5857,"href":"https:\/\/www.slb.nu\/slbanalys\/wp-json\/wp\/v2\/pages\/2460\/revisions\/5857"}],"wp:attachment":[{"href":"https:\/\/www.slb.nu\/slbanalys\/wp-json\/wp\/v2\/media?parent=2460"}],"curies":[{"name":"wp","href":"https:\/\/api.w.org\/{rel}","templated":true}]}}