{"id":2473,"date":"2016-03-09T13:15:50","date_gmt":"2016-03-09T12:15:50","guid":{"rendered":"http:\/\/puppetmaster.slb.nu\/slbanalys\/?page_id=2473"},"modified":"2024-10-04T21:13:05","modified_gmt":"2024-10-04T19:13:05","slug":"historiska-data-met","status":"publish","type":"page","link":"https:\/\/www.slb.nu\/slbanalys\/historiska-data-met\/","title":{"rendered":"Historiska data"},"content":{"rendered":"<p><script>\njQuery(document).ready(function() {\n    jQuery('.tabs .tab-links a').on('click', function(e)  {\n        var currentAttrValue = jQuery(this).attr('href');\n        \/\/ Show\/Hide Tabs\n        jQuery('.tabs ' + currentAttrValue).show().siblings().hide();\n        \/\/ Change\/remove current tab to active\n        jQuery(this).parent('li').addClass('active').siblings().removeClass('active');\n        e.preventDefault();\n    });\n});\n<\/script>\n<br \/>\nLigger nere tills vidare f\u00f6r underh\u00e5ll<br \/>\n<!---\n\n\n<h2>Historiska data<\/h2>\n\n\nNedan kan du se och h\u00e4mta historiska meteorologiska data fr\u00e5n tim- och dygnsdatabasen. Nedladdning av historiska data \u00e4r m\u00f6jlig f\u00f6r kvalitetss\u00e4krad data fr\u00e5n f\u00f6reg\u00e5ende \u00e5r. F\u00f6r att ladda ner data m\u00e5ste f\u00f6rst grafen visas f\u00f6r den tidsperiod och det \u00e4mne du valt.\n\n\n<div class=\"tabs\">\n\n\n<ul class=\"tab-links\">\n \t\n\n<li class=\"active\"><a href=\"#tab1\">Timdatabas<\/a><\/li>\n\n\n \t\n\n<li><a href=\"#tab2\">Dygnsdatabas<\/a><\/li>\n\n\n<\/ul>\n\n\n\n\n<div class=\"tab-content-slb\">\n\n\n<div id=\"tab1\" class=\"tab active\">\n<iframe src=\"\/data\/open\/ny2_met_timdatabas.php\" width=\"730\" height=\"570\">\n\nYour browser does not support iframes.\n\n<\/iframe><\/div>\n\n\n\n\n<div id=\"tab2\" class=\"tab active\">\n<iframe src=\"\/data\/open\/ny2_met_dygnsdatabas.php\" width=\"730\" height=\"570\">\n\nYour browser does not support iframes.\n\n<\/iframe><\/div>\n\n\n<\/div>\n\n\n<\/div>\n\n\n\n\n<div id=\"felmeddelande\" style=\"color: red\" ;=\"\"><\/div>\n\n\n<script><br \/>\njQuery(document).ready(function ($) {<br \/>\n  setTimeout(function() {<br \/>\n    $('#tab2').hide();},<br \/>\n  300);<br \/>\n});<br \/>\n<\/script>\n<!---\n\n--><\/p>\n","protected":false},"excerpt":{"rendered":"<p>Ligger nere tills vidare f\u00f6r underh\u00e5ll<\/p>\n","protected":false},"author":2,"featured_media":0,"parent":0,"menu_order":0,"comment_status":"closed","ping_status":"closed","template":"","meta":[],"_links":{"self":[{"href":"https:\/\/www.slb.nu\/slbanalys\/wp-json\/wp\/v2\/pages\/2473"}],"collection":[{"href":"https:\/\/www.slb.nu\/slbanalys\/wp-json\/wp\/v2\/pages"}],"about":[{"href":"https:\/\/www.slb.nu\/slbanalys\/wp-json\/wp\/v2\/types\/page"}],"author":[{"embeddable":true,"href":"https:\/\/www.slb.nu\/slbanalys\/wp-json\/wp\/v2\/users\/2"}],"replies":[{"embeddable":true,"href":"https:\/\/www.slb.nu\/slbanalys\/wp-json\/wp\/v2\/comments?post=2473"}],"version-history":[{"count":11,"href":"https:\/\/www.slb.nu\/slbanalys\/wp-json\/wp\/v2\/pages\/2473\/revisions"}],"predecessor-version":[{"id":5859,"href":"https:\/\/www.slb.nu\/slbanalys\/wp-json\/wp\/v2\/pages\/2473\/revisions\/5859"}],"wp:attachment":[{"href":"https:\/\/www.slb.nu\/slbanalys\/wp-json\/wp\/v2\/media?parent=2473"}],"curies":[{"name":"wp","href":"https:\/\/api.w.org\/{rel}","templated":true}]}}