{"id":3499,"date":"2017-10-05T07:22:08","date_gmt":"2017-10-05T05:22:08","guid":{"rendered":"http:\/\/puppetmaster.slb.nu\/slbanalys\/?page_id=3499"},"modified":"2017-10-05T07:23:46","modified_gmt":"2017-10-05T05:23:46","slug":"smurbs","status":"publish","type":"page","link":"https:\/\/www.slb.nu\/slbanalys\/forskning\/smurbs\/","title":{"rendered":"SMURBS"},"content":{"rendered":"<div class='content-column two_third'><h2>SMart URBan Solutions for air quality, disasters and city growth<\/h2>\n<p>SLB-analys kommer bidra till ett Europeiskt Horizon 2020 projekt inom ramen f\u00f6r programmet ERA-planet (http:\/\/www.era-planet.eu\/). Projektet kallas SMURBS (SMart URBan Solutions for air quality, disasters and city growth) och har som \u00f6vergripande m\u00e5l att bidra till att \u00f6ka samh\u00e4llets motst\u00e5ndskraft mot effekter av luftf\u00f6roreningar, katastrofer, migration och andra faktorer som f\u00f6ljer av urban tillv\u00e4xt. SMURBS koordineras av National Observatory of Athens (NOA), Grekland och svensk projektledare \u00e4r Christer Johansson, professor vid Institutionen f\u00f6r milj\u00f6vetenskap och analytisk kemi vid Stockholms universitet och som \u00e4ven arbetar p\u00e5 SLB-analys. <\/p>\n<p>SLB fokuserar p\u00e5 att utveckla och implementera prognoser \u00f6ver luftf\u00f6roreningar och pollen med h\u00e4nsyn till b\u00e5de lokala k\u00e4llor och intransport fr\u00e5n andra l\u00e4nder. Syftet \u00e4r att tillhandah\u00e5lla information som \u00e4r till hj\u00e4lp f\u00f6r personer med speciellt k\u00e4nsliga luftv\u00e4gar, fr\u00e4mst astmatiker. Informationen skall vara till hj\u00e4lp vad g\u00e4ller exempelvis behovet av medicinering och f\u00f6r planering av utomhusaktiviteter. Det unika \u00e4r att ta h\u00e4nsyn till f\u00f6rekomsten av b\u00e5de pollen och luftf\u00f6roreningar, eftersom b\u00e5da dessa parametrar har stor betydelse f\u00f6r luftens kvalitet ur en astmatikers synvinkel. Prognoserna ska redovisas p\u00e5 kartor i form av ett h\u00e4lsoindex, pollen- och luftf\u00f6roreningshalterna. Nytta av prognoser kommer att utv\u00e4rderas i form av en panelstudie med deltagande av astmatiker som \u00e4ven kommer f\u00f6ra dagbok \u00f6ver sina symptom.\u201d<\/p>\n<p>Kontaktperson: Christer Johansson<br \/><\/div>\n<div class='content-column one_third last_column'><div style=\"padding-left:20px;\"><h2>P\u00e5g\u00e5ende projekt:<\/h2>\n<p><strong>\u00c5tg\u00e4rder, emissioner:<\/strong><br \/>\n<div class=\"menu-forskning_atgarder-container\"><ul id=\"short_menu_69f3f2a058770\" class=\"shortcode_menu  wpsm-menu wpsm-vertical menu_enhance  \"><li id=\"menu-item-3512\" class=\"menu-item menu-item-type-post_type menu-item-object-page menu-item-3512\"><a href=\"https:\/\/www.slb.nu\/slbanalys\/forskning\/clarity\/\">CLARITY<\/a><\/li>\n<li id=\"menu-item-4369\" class=\"menu-item menu-item-type-post_type menu-item-object-page menu-item-4369\"><a href=\"https:\/\/www.slb.nu\/slbanalys\/forskning\/nordust-ii\/\">Nordust II<\/a><\/li>\n<li id=\"menu-item-4562\" class=\"menu-item menu-item-type-post_type menu-item-object-page menu-item-4562\"><a href=\"https:\/\/www.slb.nu\/slbanalys\/bullerskarmar-som-atgard-mot-hoga-halter-av-luftfororeningar\/\">Bullersk\u00e4rmar som \u00e5tg\u00e4rd mot h\u00f6ga halter av luftf\u00f6roreningar<\/a><\/li>\n<li id=\"menu-item-4976\" class=\"menu-item menu-item-type-post_type menu-item-object-page menu-item-4976\"><a href=\"https:\/\/www.slb.nu\/slbanalys\/covid-19\/\">COVID-19<\/a><\/li>\n<li id=\"menu-item-4977\" class=\"menu-item menu-item-type-post_type menu-item-object-page menu-item-4977\"><a href=\"https:\/\/www.slb.nu\/slbanalys\/ihorse\/\">iHorse<\/a><\/li>\n<\/ul><\/div><div class=\"clear\"><\/div>\n\t\t\t<style>\n\t\t\t\t#short_menu_69f3f2a058770 {  }\n\t\t\t\t#short_menu_69f3f2a058770 ul.wpsm-arrow-enabled:before { color:rgba(0,0,0,0.8); } \n\t\t\t\t#short_menu_69f3f2a058770 ul, #short_menu_69f3f2a058770 ul ul { background: rgba(0,0,0,0.8); }\n\t\t\t\t#short_menu_69f3f2a058770 a {  }\n\t\t\t\t#short_menu_69f3f2a058770 a:hover {  }\n\t\t\t\t#short_menu_69f3f2a058770 ul a { color:#e0e0e0;  }\n\t\t\t\t#short_menu_69f3f2a058770 ul a:hover { color:#ffffff;  }\n\t\t\t\t\n\t\t\t<\/style>\n\t\t\t<script type=\"text\/javascript\">\n\t\t\t\tvar show_arrow = \"true\";var $sm = jQuery.noConflict();\n\t\t\t\t\tjQuery(function ($) {\n\t\t\t\t\t\t$(\"#short_menu_69f3f2a058770\").tinyNav();\n\t\t\t\t\t\t$(\"#short_menu_69f3f2a058770\").next().addClass(\"shortcode-menu-mobile\");\n\t\t\t\t\t\t\n\t\t\t\t\t\tshortcode_menu_responsive();\n\t\t\t\t\t});\n\t\t\t\t\tjQuery(window).resize(function($){\n\t\t\t\t\t\tshortcode_menu_responsive();\n\t\t\t\t\t});\n\t\t\t\t\tfunction shortcode_menu_responsive()\n\t\t\t\t\t{\n\t\t\t\t\t\tvar window_width = $sm(window).width();\n\t\t\t\t\t\tif(window_width <= 650)\n\t\t\t\t\t\t{\n\t\t\t\t\t\t\t$sm(\"#short_menu_69f3f2a058770\").hide();\n\t\t\t\t\t\t\t$sm(\"#short_menu_69f3f2a058770\").next().show();\n\t\t\t\t\t\t}\n\t\t\t\t\t\telse\n\t\t\t\t\t\t{\n\t\t\t\t\t\t\t$sm(\"#short_menu_69f3f2a058770\").show();\n\t\t\t\t\t\t\t$sm(\"#short_menu_69f3f2a058770\").next().hide();\n\t\t\t\t\t\t}\n\t\t\t\t\t}<\/script><\/p>\n<p><strong>Exponering och h\u00e4lsa:<\/strong><br \/>\n<div class=\"menu-forskning_exponering-container\"><ul id=\"short_menu_69f3f2a05ac2b\" class=\"shortcode_menu  wpsm-menu wpsm-vertical menu_enhance  \"><li id=\"menu-item-4931\" class=\"menu-item menu-item-type-post_type menu-item-object-page menu-item-4931\"><a href=\"https:\/\/www.slb.nu\/slbanalys\/npets-nano-particle-emissions-from-the-transport-sector\/\">nPETS \u2013 nano Particle Emissions from the Transport Sector<\/a><\/li>\n<li id=\"menu-item-2088\" class=\"menu-item menu-item-type-post_type menu-item-object-page menu-item-2088\"><a href=\"https:\/\/www.slb.nu\/slbanalys\/forskning\/emil\/\">EMIL<\/a><\/li>\n<li id=\"menu-item-2087\" class=\"menu-item menu-item-type-post_type menu-item-object-page menu-item-2087\"><a href=\"https:\/\/www.slb.nu\/slbanalys\/forskning\/bamse\/\">BAMSE<\/a><\/li>\n<li id=\"menu-item-2933\" class=\"menu-item menu-item-type-post_type menu-item-object-page menu-item-2933\"><a href=\"https:\/\/www.slb.nu\/slbanalys\/forskning\/boendes-exponering\/\">Boendes exponering<\/a><\/li>\n<li id=\"menu-item-3504\" class=\"menu-item menu-item-type-post_type menu-item-object-page menu-item-3504\"><a href=\"https:\/\/www.slb.nu\/slbanalys\/forskning\/smurbs\/\">SMURBS<\/a><\/li>\n<li id=\"menu-item-4370\" class=\"menu-item menu-item-type-post_type menu-item-object-page menu-item-4370\"><a href=\"https:\/\/www.slb.nu\/slbanalys\/forskning\/scapis-2\/\">SCAPIS<\/a><\/li>\n<li id=\"menu-item-4373\" class=\"menu-item menu-item-type-post_type menu-item-object-page menu-item-4373\"><a href=\"https:\/\/www.slb.nu\/slbanalys\/forskning\/screening-av-halsofarliga-amnen\/\">Screening av h\u00e4lsofarliga \u00e4mnen<\/a><\/li>\n<li id=\"menu-item-4561\" class=\"menu-item menu-item-type-post_type menu-item-object-page menu-item-4561\"><a href=\"https:\/\/www.slb.nu\/slbanalys\/battre-metoder-att-beskriva-halsovinster-av-minskad-luftfororeningsexponering-fran-vagtrafik-2\/\">B\u00e4ttre metoder att beskriva h\u00e4lsovinster av minskad luftf\u00f6roreningsexponering fr\u00e5n v\u00e4gtrafik<\/a><\/li>\n<\/ul><\/div><div class=\"clear\"><\/div>\n\t\t\t<style>\n\t\t\t\t#short_menu_69f3f2a05ac2b {  }\n\t\t\t\t#short_menu_69f3f2a05ac2b ul.wpsm-arrow-enabled:before { color:rgba(0,0,0,0.8); } \n\t\t\t\t#short_menu_69f3f2a05ac2b ul, #short_menu_69f3f2a05ac2b ul ul { background: rgba(0,0,0,0.8); }\n\t\t\t\t#short_menu_69f3f2a05ac2b a {  }\n\t\t\t\t#short_menu_69f3f2a05ac2b a:hover {  }\n\t\t\t\t#short_menu_69f3f2a05ac2b ul a { color:#e0e0e0;  }\n\t\t\t\t#short_menu_69f3f2a05ac2b ul a:hover { color:#ffffff;  }\n\t\t\t\t\n\t\t\t<\/style>\n\t\t\t<script type=\"text\/javascript\">\n\t\t\t\tvar show_arrow = \"true\";<\/script><br \/><\/div><\/div><div class='clear_column'><\/div>\n","protected":false},"excerpt":{"rendered":"","protected":false},"author":2,"featured_media":0,"parent":121,"menu_order":0,"comment_status":"closed","ping_status":"closed","template":"page-templates\/full-width.php","meta":[],"_links":{"self":[{"href":"https:\/\/www.slb.nu\/slbanalys\/wp-json\/wp\/v2\/pages\/3499"}],"collection":[{"href":"https:\/\/www.slb.nu\/slbanalys\/wp-json\/wp\/v2\/pages"}],"about":[{"href":"https:\/\/www.slb.nu\/slbanalys\/wp-json\/wp\/v2\/types\/page"}],"author":[{"embeddable":true,"href":"https:\/\/www.slb.nu\/slbanalys\/wp-json\/wp\/v2\/users\/2"}],"replies":[{"embeddable":true,"href":"https:\/\/www.slb.nu\/slbanalys\/wp-json\/wp\/v2\/comments?post=3499"}],"version-history":[{"count":3,"href":"https:\/\/www.slb.nu\/slbanalys\/wp-json\/wp\/v2\/pages\/3499\/revisions"}],"predecessor-version":[{"id":3502,"href":"https:\/\/www.slb.nu\/slbanalys\/wp-json\/wp\/v2\/pages\/3499\/revisions\/3502"}],"up":[{"embeddable":true,"href":"https:\/\/www.slb.nu\/slbanalys\/wp-json\/wp\/v2\/pages\/121"}],"wp:attachment":[{"href":"https:\/\/www.slb.nu\/slbanalys\/wp-json\/wp\/v2\/media?parent=3499"}],"curies":[{"name":"wp","href":"https:\/\/api.w.org\/{rel}","templated":true}]}}