{"id":4363,"date":"2020-02-13T16:23:18","date_gmt":"2020-02-13T15:23:18","guid":{"rendered":"http:\/\/puppetmaster.slb.nu\/slbanalys\/?page_id=4363"},"modified":"2020-02-13T16:23:51","modified_gmt":"2020-02-13T15:23:51","slug":"nordust-ii","status":"publish","type":"page","link":"https:\/\/www.slb.nu\/slbanalys\/forskning\/nordust-ii\/","title":{"rendered":"Nordust II"},"content":{"rendered":"<div class='content-column two_third'><h2>Nordust<\/h2>\n<p>Nordust II \u00e4r forts\u00e4ttningen p\u00e5 Nordust. Syftet med Nordust-projektet var att \u00f6ka f\u00f6rst\u00e5elsen f\u00f6r hur olika \u00e5tg\u00e4rder relaterade till anv\u00e4ndningen av dubbd\u00e4ck, sandning, och andra vinterv\u00e4gh\u00e5llningsmetoder p\u00e5verkar luftkvaliteten, samt \u00e4ven hur meteorologiska faktorer p\u00e5verkar. Detta skedde genom att utveckla m\u00e4tmetoder och ber\u00e4kningsmodeller som beskriver de processer som p\u00e5verkar k\u00e4llor och s\u00e4nkor f\u00f6r partiklar i v\u00e4gmilj\u00f6n.<\/p>\n<p>Projektet Nordust II innefattar ut\u00f6ver det som beskrivs ovan \u00e4ven att kvantifiera olika \u00e5tg\u00e4rders betydelse f\u00f6r befolkningen exponering och vilken h\u00e4lsof\u00f6rb\u00e4ttring som kan \u00e5stadkommas med \u00e5tg\u00e4rderna. Vidare studeras d\u00e4ckens betydelse f\u00f6r bidraget till mikroplaster i milj\u00f6n.<br \/>\nI Nordust deltar forskare fr\u00e5n Sverige, Finland, Norge, Island och Danmark. Det finansieras av NordFoU. L\u00e4s mer <a href=\"http:\/\/www.nordfou.org\/Sider\/fgj.aspx\"> h\u00e4r.<\/a><\/p>\n<p>Koordinator: VTI<\/p><\/div>\n<div class='content-column one_third last_column'><div style=\"padding-left:20px;\"><h2>P\u00e5g\u00e5ende projekt:<\/h2>\n<p><strong>\u00c5tg\u00e4rder, emissioner:<\/strong><br \/>\n<div class=\"menu-forskning_atgarder-container\"><ul id=\"short_menu_69f477f225d25\" class=\"shortcode_menu  wpsm-menu wpsm-vertical menu_enhance  \"><li id=\"menu-item-3512\" class=\"menu-item menu-item-type-post_type menu-item-object-page menu-item-3512\"><a href=\"https:\/\/www.slb.nu\/slbanalys\/forskning\/clarity\/\">CLARITY<\/a><\/li>\n<li id=\"menu-item-4369\" class=\"menu-item menu-item-type-post_type menu-item-object-page menu-item-4369\"><a href=\"https:\/\/www.slb.nu\/slbanalys\/forskning\/nordust-ii\/\">Nordust II<\/a><\/li>\n<li id=\"menu-item-4562\" class=\"menu-item menu-item-type-post_type menu-item-object-page menu-item-4562\"><a href=\"https:\/\/www.slb.nu\/slbanalys\/bullerskarmar-som-atgard-mot-hoga-halter-av-luftfororeningar\/\">Bullersk\u00e4rmar som \u00e5tg\u00e4rd mot h\u00f6ga halter av luftf\u00f6roreningar<\/a><\/li>\n<li id=\"menu-item-4976\" class=\"menu-item menu-item-type-post_type menu-item-object-page menu-item-4976\"><a href=\"https:\/\/www.slb.nu\/slbanalys\/covid-19\/\">COVID-19<\/a><\/li>\n<li id=\"menu-item-4977\" class=\"menu-item menu-item-type-post_type menu-item-object-page menu-item-4977\"><a href=\"https:\/\/www.slb.nu\/slbanalys\/ihorse\/\">iHorse<\/a><\/li>\n<\/ul><\/div><div class=\"clear\"><\/div>\n\t\t\t<style>\n\t\t\t\t#short_menu_69f477f225d25 {  }\n\t\t\t\t#short_menu_69f477f225d25 ul.wpsm-arrow-enabled:before { color:rgba(0,0,0,0.8); } \n\t\t\t\t#short_menu_69f477f225d25 ul, #short_menu_69f477f225d25 ul ul { background: rgba(0,0,0,0.8); }\n\t\t\t\t#short_menu_69f477f225d25 a {  }\n\t\t\t\t#short_menu_69f477f225d25 a:hover {  }\n\t\t\t\t#short_menu_69f477f225d25 ul a { color:#e0e0e0;  }\n\t\t\t\t#short_menu_69f477f225d25 ul a:hover { color:#ffffff;  }\n\t\t\t\t\n\t\t\t<\/style>\n\t\t\t<script type=\"text\/javascript\">\n\t\t\t\tvar show_arrow = \"true\";var $sm = jQuery.noConflict();\n\t\t\t\t\tjQuery(function ($) {\n\t\t\t\t\t\t$(\"#short_menu_69f477f225d25\").tinyNav();\n\t\t\t\t\t\t$(\"#short_menu_69f477f225d25\").next().addClass(\"shortcode-menu-mobile\");\n\t\t\t\t\t\t\n\t\t\t\t\t\tshortcode_menu_responsive();\n\t\t\t\t\t});\n\t\t\t\t\tjQuery(window).resize(function($){\n\t\t\t\t\t\tshortcode_menu_responsive();\n\t\t\t\t\t});\n\t\t\t\t\tfunction shortcode_menu_responsive()\n\t\t\t\t\t{\n\t\t\t\t\t\tvar window_width = $sm(window).width();\n\t\t\t\t\t\tif(window_width <= 650)\n\t\t\t\t\t\t{\n\t\t\t\t\t\t\t$sm(\"#short_menu_69f477f225d25\").hide();\n\t\t\t\t\t\t\t$sm(\"#short_menu_69f477f225d25\").next().show();\n\t\t\t\t\t\t}\n\t\t\t\t\t\telse\n\t\t\t\t\t\t{\n\t\t\t\t\t\t\t$sm(\"#short_menu_69f477f225d25\").show();\n\t\t\t\t\t\t\t$sm(\"#short_menu_69f477f225d25\").next().hide();\n\t\t\t\t\t\t}\n\t\t\t\t\t}<\/script><\/p>\n<p><strong>Exponering och h\u00e4lsa:<\/strong><br \/>\n<div class=\"menu-forskning_exponering-container\"><ul id=\"short_menu_69f477f227d2b\" class=\"shortcode_menu  wpsm-menu wpsm-vertical menu_enhance  \"><li id=\"menu-item-4931\" class=\"menu-item menu-item-type-post_type menu-item-object-page menu-item-4931\"><a href=\"https:\/\/www.slb.nu\/slbanalys\/npets-nano-particle-emissions-from-the-transport-sector\/\">nPETS \u2013 nano Particle Emissions from the Transport Sector<\/a><\/li>\n<li id=\"menu-item-2088\" class=\"menu-item menu-item-type-post_type menu-item-object-page menu-item-2088\"><a href=\"https:\/\/www.slb.nu\/slbanalys\/forskning\/emil\/\">EMIL<\/a><\/li>\n<li id=\"menu-item-2087\" class=\"menu-item menu-item-type-post_type menu-item-object-page menu-item-2087\"><a href=\"https:\/\/www.slb.nu\/slbanalys\/forskning\/bamse\/\">BAMSE<\/a><\/li>\n<li id=\"menu-item-2933\" class=\"menu-item menu-item-type-post_type menu-item-object-page menu-item-2933\"><a href=\"https:\/\/www.slb.nu\/slbanalys\/forskning\/boendes-exponering\/\">Boendes exponering<\/a><\/li>\n<li id=\"menu-item-3504\" class=\"menu-item menu-item-type-post_type menu-item-object-page menu-item-3504\"><a href=\"https:\/\/www.slb.nu\/slbanalys\/forskning\/smurbs\/\">SMURBS<\/a><\/li>\n<li id=\"menu-item-4370\" class=\"menu-item menu-item-type-post_type menu-item-object-page menu-item-4370\"><a href=\"https:\/\/www.slb.nu\/slbanalys\/forskning\/scapis-2\/\">SCAPIS<\/a><\/li>\n<li id=\"menu-item-4373\" class=\"menu-item menu-item-type-post_type menu-item-object-page menu-item-4373\"><a href=\"https:\/\/www.slb.nu\/slbanalys\/forskning\/screening-av-halsofarliga-amnen\/\">Screening av h\u00e4lsofarliga \u00e4mnen<\/a><\/li>\n<li id=\"menu-item-4561\" class=\"menu-item menu-item-type-post_type menu-item-object-page menu-item-4561\"><a href=\"https:\/\/www.slb.nu\/slbanalys\/battre-metoder-att-beskriva-halsovinster-av-minskad-luftfororeningsexponering-fran-vagtrafik-2\/\">B\u00e4ttre metoder att beskriva h\u00e4lsovinster av minskad luftf\u00f6roreningsexponering fr\u00e5n v\u00e4gtrafik<\/a><\/li>\n<\/ul><\/div><div class=\"clear\"><\/div>\n\t\t\t<style>\n\t\t\t\t#short_menu_69f477f227d2b {  }\n\t\t\t\t#short_menu_69f477f227d2b ul.wpsm-arrow-enabled:before { color:rgba(0,0,0,0.8); } \n\t\t\t\t#short_menu_69f477f227d2b ul, #short_menu_69f477f227d2b ul ul { background: rgba(0,0,0,0.8); }\n\t\t\t\t#short_menu_69f477f227d2b a {  }\n\t\t\t\t#short_menu_69f477f227d2b a:hover {  }\n\t\t\t\t#short_menu_69f477f227d2b ul a { color:#e0e0e0;  }\n\t\t\t\t#short_menu_69f477f227d2b ul a:hover { color:#ffffff;  }\n\t\t\t\t\n\t\t\t<\/style>\n\t\t\t<script type=\"text\/javascript\">\n\t\t\t\tvar show_arrow = \"true\";<\/script><br \/><\/div><\/div><div class='clear_column'><\/div>\n","protected":false},"excerpt":{"rendered":"","protected":false},"author":10,"featured_media":0,"parent":121,"menu_order":0,"comment_status":"closed","ping_status":"closed","template":"page-templates\/full-width.php","meta":[],"_links":{"self":[{"href":"https:\/\/www.slb.nu\/slbanalys\/wp-json\/wp\/v2\/pages\/4363"}],"collection":[{"href":"https:\/\/www.slb.nu\/slbanalys\/wp-json\/wp\/v2\/pages"}],"about":[{"href":"https:\/\/www.slb.nu\/slbanalys\/wp-json\/wp\/v2\/types\/page"}],"author":[{"embeddable":true,"href":"https:\/\/www.slb.nu\/slbanalys\/wp-json\/wp\/v2\/users\/10"}],"replies":[{"embeddable":true,"href":"https:\/\/www.slb.nu\/slbanalys\/wp-json\/wp\/v2\/comments?post=4363"}],"version-history":[{"count":1,"href":"https:\/\/www.slb.nu\/slbanalys\/wp-json\/wp\/v2\/pages\/4363\/revisions"}],"predecessor-version":[{"id":4364,"href":"https:\/\/www.slb.nu\/slbanalys\/wp-json\/wp\/v2\/pages\/4363\/revisions\/4364"}],"up":[{"embeddable":true,"href":"https:\/\/www.slb.nu\/slbanalys\/wp-json\/wp\/v2\/pages\/121"}],"wp:attachment":[{"href":"https:\/\/www.slb.nu\/slbanalys\/wp-json\/wp\/v2\/media?parent=4363"}],"curies":[{"name":"wp","href":"https:\/\/api.w.org\/{rel}","templated":true}]}}