{"id":4365,"date":"2020-02-13T16:24:21","date_gmt":"2020-02-13T15:24:21","guid":{"rendered":"http:\/\/puppetmaster.slb.nu\/slbanalys\/?page_id=4365"},"modified":"2020-02-13T16:24:38","modified_gmt":"2020-02-13T15:24:38","slug":"scapis-2","status":"publish","type":"page","link":"https:\/\/www.slb.nu\/slbanalys\/forskning\/scapis-2\/","title":{"rendered":"SCAPIS"},"content":{"rendered":"<div class='content-column two_third'><h2>SCAPIS (Swedish CardioPulmonary bioImage Study)<\/h2>\n<p>SCAPIS en svensk vetenskaplig studie vars syfte \u00e4r att f\u00f6rhindra hj\u00e4rt-lungsjukdom. SCAPIS \u00e4r den hittills st\u00f6rsta befolkningsstudien i Sverige inom hj\u00e4rta, k\u00e4rl och lungor. Genom att f\u00f6reta omfattande unders\u00f6kningar av 30 000 slumpvis utvalda svenskar i \u00e5ldern 50\u201364 \u00e5r, byggs v\u00e4rldens mest omfattande medicinska kunskapsbank. Denna kunskapsbank m\u00f6jligg\u00f6r nya forskningsgenombrott som syftar till att hitta riskmark\u00f6rer som visar vem som kan drabbas av exempelvis stroke, KOL, pl\u00f6tsligt hj\u00e4rtstopp, hj\u00e4rtinfarkt och andra hj\u00e4rt- och lungsjukdomar. SCAPIS-projektet startade 2012 och i slutet av 2018 hade samtliga 30 000 deltagare blivit unders\u00f6kta. Sex universitet och sex universitetssjukhus (G\u00f6teborg, Link\u00f6ping, Malm\u00f6, Stockholm, Ume\u00e5 och Uppsala) i samverkan leder och driver SCAPIS. Andra forskningsgrupper som studerar hj\u00e4rt-k\u00e4rlsjukdomar och KOL har \u00f6ppen tillg\u00e5ng till SCAPIS-kohorten.<br \/>\nSLB-analys deltar i det nystartade nationella samarbetet \u201dSCAPIS-milj\u00f6\u201d kring h\u00e4lsorisker av milj\u00f6faktorer. Det kommer leda till helt nya m\u00f6jligheter att f\u00f6rst\u00e5 mekanismerna f\u00f6r hur och varf\u00f6r vi blir sjuka av luftf\u00f6roreningar, buller och brist p\u00e5 gr\u00f6nska. FORTE har beviljat forskningsmedel f\u00f6r studier av luftf\u00f6roreningar och \u00e5derf\u00f6rkalkning (PI Leo Stockfelt) och metabola effekter av buller (PI Petter Ljungman), och fler separata ans\u00f6kningar om till exempel lungeffekter av luftf\u00f6roreningar och effekter av gr\u00f6nytor kommer att skickas in de kommande \u00e5ren.<br \/>\nSLB-analys kommer g\u00f6ra exponeringsber\u00e4kningar av luftf\u00f6roreningar f\u00f6r Stockholm och Uppsala, tv\u00e5 av de ing\u00e5ende sex st\u00e4derna i SCAPIS. Modellber\u00e4kningar f\u00f6r de \u00f6vriga st\u00e4derna kommer utf\u00f6ras av SMHI och Malm\u00f6 Stad.<br \/>\nHuvudfinansi\u00e4r av SCAPIS: Hj\u00e4rt-Lungfonden. \u00d6vriga finansi\u00e4rer: Knut och Alice Wallenbergs Stiftelse, Vinnova, Vetenskapsr\u00e5det samt universitetssjukhusen och universiteten sj\u00e4lva.<\/p>\n<p>Projektets hemsida finner ni <strong><a href=\"http:\/\/www.scapis.se\" target=\"h\u00e4r\" rel=\"noopener noreferrer\"> h\u00e4r<\/a><\/strong><br \/><\/div>\n<div class='content-column one_third last_column'><div style=\"padding-left:20px;\"><h2>P\u00e5g\u00e5ende projekt:<\/h2>\n<p><strong>\u00c5tg\u00e4rder, emissioner:<\/strong><br \/>\n<div class=\"menu-forskning_atgarder-container\"><ul id=\"short_menu_69f26b9d0c918\" class=\"shortcode_menu  wpsm-menu wpsm-vertical menu_enhance  \"><li id=\"menu-item-3512\" class=\"menu-item menu-item-type-post_type menu-item-object-page menu-item-3512\"><a href=\"https:\/\/www.slb.nu\/slbanalys\/forskning\/clarity\/\">CLARITY<\/a><\/li>\n<li id=\"menu-item-4369\" class=\"menu-item menu-item-type-post_type menu-item-object-page menu-item-4369\"><a href=\"https:\/\/www.slb.nu\/slbanalys\/forskning\/nordust-ii\/\">Nordust II<\/a><\/li>\n<li id=\"menu-item-4562\" class=\"menu-item menu-item-type-post_type menu-item-object-page menu-item-4562\"><a href=\"https:\/\/www.slb.nu\/slbanalys\/bullerskarmar-som-atgard-mot-hoga-halter-av-luftfororeningar\/\">Bullersk\u00e4rmar som \u00e5tg\u00e4rd mot h\u00f6ga halter av luftf\u00f6roreningar<\/a><\/li>\n<li id=\"menu-item-4976\" class=\"menu-item menu-item-type-post_type menu-item-object-page menu-item-4976\"><a href=\"https:\/\/www.slb.nu\/slbanalys\/covid-19\/\">COVID-19<\/a><\/li>\n<li id=\"menu-item-4977\" class=\"menu-item menu-item-type-post_type menu-item-object-page menu-item-4977\"><a href=\"https:\/\/www.slb.nu\/slbanalys\/ihorse\/\">iHorse<\/a><\/li>\n<\/ul><\/div><div class=\"clear\"><\/div>\n\t\t\t<style>\n\t\t\t\t#short_menu_69f26b9d0c918 {  }\n\t\t\t\t#short_menu_69f26b9d0c918 ul.wpsm-arrow-enabled:before { color:rgba(0,0,0,0.8); } \n\t\t\t\t#short_menu_69f26b9d0c918 ul, #short_menu_69f26b9d0c918 ul ul { background: rgba(0,0,0,0.8); }\n\t\t\t\t#short_menu_69f26b9d0c918 a {  }\n\t\t\t\t#short_menu_69f26b9d0c918 a:hover {  }\n\t\t\t\t#short_menu_69f26b9d0c918 ul a { color:#e0e0e0;  }\n\t\t\t\t#short_menu_69f26b9d0c918 ul a:hover { color:#ffffff;  }\n\t\t\t\t\n\t\t\t<\/style>\n\t\t\t<script type=\"text\/javascript\">\n\t\t\t\tvar show_arrow = \"true\";var $sm = jQuery.noConflict();\n\t\t\t\t\tjQuery(function ($) {\n\t\t\t\t\t\t$(\"#short_menu_69f26b9d0c918\").tinyNav();\n\t\t\t\t\t\t$(\"#short_menu_69f26b9d0c918\").next().addClass(\"shortcode-menu-mobile\");\n\t\t\t\t\t\t\n\t\t\t\t\t\tshortcode_menu_responsive();\n\t\t\t\t\t});\n\t\t\t\t\tjQuery(window).resize(function($){\n\t\t\t\t\t\tshortcode_menu_responsive();\n\t\t\t\t\t});\n\t\t\t\t\tfunction shortcode_menu_responsive()\n\t\t\t\t\t{\n\t\t\t\t\t\tvar window_width = $sm(window).width();\n\t\t\t\t\t\tif(window_width <= 650)\n\t\t\t\t\t\t{\n\t\t\t\t\t\t\t$sm(\"#short_menu_69f26b9d0c918\").hide();\n\t\t\t\t\t\t\t$sm(\"#short_menu_69f26b9d0c918\").next().show();\n\t\t\t\t\t\t}\n\t\t\t\t\t\telse\n\t\t\t\t\t\t{\n\t\t\t\t\t\t\t$sm(\"#short_menu_69f26b9d0c918\").show();\n\t\t\t\t\t\t\t$sm(\"#short_menu_69f26b9d0c918\").next().hide();\n\t\t\t\t\t\t}\n\t\t\t\t\t}<\/script><\/p>\n<p><strong>Exponering och h\u00e4lsa:<\/strong><br \/>\n<div class=\"menu-forskning_exponering-container\"><ul id=\"short_menu_69f26b9d0e1df\" class=\"shortcode_menu  wpsm-menu wpsm-vertical menu_enhance  \"><li id=\"menu-item-4931\" class=\"menu-item menu-item-type-post_type menu-item-object-page menu-item-4931\"><a href=\"https:\/\/www.slb.nu\/slbanalys\/npets-nano-particle-emissions-from-the-transport-sector\/\">nPETS \u2013 nano Particle Emissions from the Transport Sector<\/a><\/li>\n<li id=\"menu-item-2088\" class=\"menu-item menu-item-type-post_type menu-item-object-page menu-item-2088\"><a href=\"https:\/\/www.slb.nu\/slbanalys\/forskning\/emil\/\">EMIL<\/a><\/li>\n<li id=\"menu-item-2087\" class=\"menu-item menu-item-type-post_type menu-item-object-page menu-item-2087\"><a href=\"https:\/\/www.slb.nu\/slbanalys\/forskning\/bamse\/\">BAMSE<\/a><\/li>\n<li id=\"menu-item-2933\" class=\"menu-item menu-item-type-post_type menu-item-object-page menu-item-2933\"><a href=\"https:\/\/www.slb.nu\/slbanalys\/forskning\/boendes-exponering\/\">Boendes exponering<\/a><\/li>\n<li id=\"menu-item-3504\" class=\"menu-item menu-item-type-post_type menu-item-object-page menu-item-3504\"><a href=\"https:\/\/www.slb.nu\/slbanalys\/forskning\/smurbs\/\">SMURBS<\/a><\/li>\n<li id=\"menu-item-4370\" class=\"menu-item menu-item-type-post_type menu-item-object-page menu-item-4370\"><a href=\"https:\/\/www.slb.nu\/slbanalys\/forskning\/scapis-2\/\">SCAPIS<\/a><\/li>\n<li id=\"menu-item-4373\" class=\"menu-item menu-item-type-post_type menu-item-object-page menu-item-4373\"><a href=\"https:\/\/www.slb.nu\/slbanalys\/forskning\/screening-av-halsofarliga-amnen\/\">Screening av h\u00e4lsofarliga \u00e4mnen<\/a><\/li>\n<li id=\"menu-item-4561\" class=\"menu-item menu-item-type-post_type menu-item-object-page menu-item-4561\"><a href=\"https:\/\/www.slb.nu\/slbanalys\/battre-metoder-att-beskriva-halsovinster-av-minskad-luftfororeningsexponering-fran-vagtrafik-2\/\">B\u00e4ttre metoder att beskriva h\u00e4lsovinster av minskad luftf\u00f6roreningsexponering fr\u00e5n v\u00e4gtrafik<\/a><\/li>\n<\/ul><\/div><div class=\"clear\"><\/div>\n\t\t\t<style>\n\t\t\t\t#short_menu_69f26b9d0e1df {  }\n\t\t\t\t#short_menu_69f26b9d0e1df ul.wpsm-arrow-enabled:before { color:rgba(0,0,0,0.8); } \n\t\t\t\t#short_menu_69f26b9d0e1df ul, #short_menu_69f26b9d0e1df ul ul { background: rgba(0,0,0,0.8); }\n\t\t\t\t#short_menu_69f26b9d0e1df a {  }\n\t\t\t\t#short_menu_69f26b9d0e1df a:hover {  }\n\t\t\t\t#short_menu_69f26b9d0e1df ul a { color:#e0e0e0;  }\n\t\t\t\t#short_menu_69f26b9d0e1df ul a:hover { color:#ffffff;  }\n\t\t\t\t\n\t\t\t<\/style>\n\t\t\t<script type=\"text\/javascript\">\n\t\t\t\tvar show_arrow = \"true\";<\/script><br \/><\/div><\/div><div class='clear_column'><\/div>\n","protected":false},"excerpt":{"rendered":"","protected":false},"author":10,"featured_media":0,"parent":121,"menu_order":0,"comment_status":"closed","ping_status":"closed","template":"page-templates\/full-width.php","meta":[],"_links":{"self":[{"href":"https:\/\/www.slb.nu\/slbanalys\/wp-json\/wp\/v2\/pages\/4365"}],"collection":[{"href":"https:\/\/www.slb.nu\/slbanalys\/wp-json\/wp\/v2\/pages"}],"about":[{"href":"https:\/\/www.slb.nu\/slbanalys\/wp-json\/wp\/v2\/types\/page"}],"author":[{"embeddable":true,"href":"https:\/\/www.slb.nu\/slbanalys\/wp-json\/wp\/v2\/users\/10"}],"replies":[{"embeddable":true,"href":"https:\/\/www.slb.nu\/slbanalys\/wp-json\/wp\/v2\/comments?post=4365"}],"version-history":[{"count":1,"href":"https:\/\/www.slb.nu\/slbanalys\/wp-json\/wp\/v2\/pages\/4365\/revisions"}],"predecessor-version":[{"id":4366,"href":"https:\/\/www.slb.nu\/slbanalys\/wp-json\/wp\/v2\/pages\/4365\/revisions\/4366"}],"up":[{"embeddable":true,"href":"https:\/\/www.slb.nu\/slbanalys\/wp-json\/wp\/v2\/pages\/121"}],"wp:attachment":[{"href":"https:\/\/www.slb.nu\/slbanalys\/wp-json\/wp\/v2\/media?parent=4365"}],"curies":[{"name":"wp","href":"https:\/\/api.w.org\/{rel}","templated":true}]}}