{"id":4448,"date":"2020-02-25T11:04:04","date_gmt":"2020-02-25T10:04:04","guid":{"rendered":"http:\/\/puppetmaster.slb.nu\/slbanalys\/?page_id=4448"},"modified":"2026-01-08T10:31:55","modified_gmt":"2026-01-08T09:31:55","slug":"luktutredningar","status":"publish","type":"page","link":"https:\/\/www.slb.nu\/slbanalys\/luktutredningar\/","title":{"rendered":"Luktutredningar"},"content":{"rendered":"<div class='content-column two_third'><div style=\"padding-left:0px;\"><h2>Luktutredningar<\/h2>\n<p><strong>Vissa kemiska f\u00f6reningar kan generera lukt som vi m\u00e4nniskor \u00e4r k\u00e4nsliga mot. Lukt kan komma pl\u00f6tsligt och upplevas b\u00e5de obehagligt och st\u00f6rande beroende p\u00e5 vilket \u00e4mne som \u00e4r luktk\u00e4llan samt geografisk spridning och utsp\u00e4dning. SLB-analys erbjuder tj\u00e4nster inom spridningsber\u00e4kningar f\u00f6r lukt.<\/strong><\/p>\n<p>Lukt p\u00e5verkas starkt av halten fr\u00e5n luktk\u00e4llan och spridningen av lukt p\u00e5verkas av en m\u00e4ngd metrologiska parametrar. SLB-analys har m\u00e5ng\u00e5rig erfarenhet av spridningsber\u00e4kningar av b\u00e5de luftkvalitets-och luktutredningar.<\/p>\n<p>Luktutredningar \u00e4r ett alternativ f\u00f6r verksamhetsut\u00f6vare som sprider lukt f\u00f6r bland annat tillst\u00e5ndsans\u00f6kningar. Att veta hur den den geografiska spridningen och utsp\u00e4dningen ser ut kan anv\u00e4ndas som underlag f\u00f6r att minimera luktol\u00e4genheter, ut\u00f6ka verksamheten h\u00e5llbart utifr\u00e5n ett luktperspektiv samt s\u00e4kerst\u00e4lla att vissa luktgenererande f\u00f6reningar inte utg\u00f6r h\u00e4lsorisker f\u00f6r folk som bor och vistas i omr\u00e5det.<\/p>\n<div id=\"lukt\" style=\"width: 848px\" class=\"wp-caption alignnone\"><a href=\"http:\/\/puppetmaster.slb.nu\/slbanalys\/wp-content\/uploads\/2015\/08\/lukt_hemsidan.png\"><img aria-describedby=\"caption-lukt\" loading=\"lazy\" class=\"size-full wp-image-811\" src=\"\/slbanalys\/wp-content\/uploads\/lukt_hemsidan.jpg\" alt=\"Exempel p\u00e5 geografisk spridning av luktkoncentrationer fr\u00e5n en luktk\u00e4lla.\" width=\"838\" height=\"252\"><\/a><p id=\"caption-lukt\" class=\"wp-caption-text\"><em>Exempel p\u00e5 spridningsber\u00e4kning fr\u00e5n en luktk\u00e4lla.<\/em><\/p><\/div><\/div><\/div>\n<div class='content-column one_third last_column'><div style=\"padding-left:20px;\"><h4>Kontaktinformation<\/h4>\n<p>info@slb.nu<br \/>\n<!--\n\n\n<h4 data-canvas-width=\"101.96572862745099\">Produktblad<\/h4>\n\n\n--><\/p>\n<div style=\"background: #efefef; border-radius: 5px; padding: 8px;\">\n<h4 data-canvas-width=\"101.96572862745099\">Referensuppdrag<\/h4>\n<p><span style=\"font-size: 90%;\"><strong>Luktutredning i Norra djurg\u00e5rdsstaden<\/strong><\/span><br \/>\n<span style=\"font-size: 90%;\"><br \/>\n<strong>Luktutredning f\u00f6r Hallsta pappersbruk<\/strong><br \/>\n<\/span><span style=\"font-size: 90%;\"><br \/>\n<\/span><\/p>\n<\/div><\/div><\/div><div class='clear_column'><\/div>\n","protected":false},"excerpt":{"rendered":"","protected":false},"author":10,"featured_media":0,"parent":0,"menu_order":0,"comment_status":"closed","ping_status":"closed","template":"page-templates\/full-width.php","meta":[],"_links":{"self":[{"href":"https:\/\/www.slb.nu\/slbanalys\/wp-json\/wp\/v2\/pages\/4448"}],"collection":[{"href":"https:\/\/www.slb.nu\/slbanalys\/wp-json\/wp\/v2\/pages"}],"about":[{"href":"https:\/\/www.slb.nu\/slbanalys\/wp-json\/wp\/v2\/types\/page"}],"author":[{"embeddable":true,"href":"https:\/\/www.slb.nu\/slbanalys\/wp-json\/wp\/v2\/users\/10"}],"replies":[{"embeddable":true,"href":"https:\/\/www.slb.nu\/slbanalys\/wp-json\/wp\/v2\/comments?post=4448"}],"version-history":[{"count":13,"href":"https:\/\/www.slb.nu\/slbanalys\/wp-json\/wp\/v2\/pages\/4448\/revisions"}],"predecessor-version":[{"id":6149,"href":"https:\/\/www.slb.nu\/slbanalys\/wp-json\/wp\/v2\/pages\/4448\/revisions\/6149"}],"wp:attachment":[{"href":"https:\/\/www.slb.nu\/slbanalys\/wp-json\/wp\/v2\/media?parent=4448"}],"curies":[{"name":"wp","href":"https:\/\/api.w.org\/{rel}","templated":true}]}}