{"id":4531,"date":"2020-10-12T14:14:46","date_gmt":"2020-11-13T12:47:01","guid":{"rendered":"http:\/\/puppetmaster.slb.nu\/slbanalys\/?page_id=4531"},"modified":"2023-01-23T12:38:15","modified_gmt":"2023-01-23T11:38:15","slug":"aktiv-trafikstyrning-for-forbattrad-luftkvalitet-och-minskad-klimatpaverkan-i-utsatta-stadsomraden","status":"publish","type":"page","link":"https:\/\/www.slb.nu\/slbanalys\/aktiv-trafikstyrning-for-forbattrad-luftkvalitet-och-minskad-klimatpaverkan-i-utsatta-stadsomraden\/","title":{"rendered":"Aktiv trafikstyrning f\u00f6r f\u00f6rb\u00e4ttrad luftkvalitet och minskad klimatp\u00e5verkan i utsatta stadsomr\u00e5den"},"content":{"rendered":"<div class='content-column two_third'>Under \u00e5ren 2019 till och med 2022 genomf\u00f6rdes forsknings- och innovationsprojektet \u201dAktiv trafikstyrning f\u00f6r f\u00f6rb\u00e4ttrad luftkvalitet och minskad klimatp\u00e5verkan utmed statligt v\u00e4gn\u00e4t\u201d. Huvudsyftet har varit att utreda om trafikstyrning i form av varierande hastighetsgr\u00e4nser (VH) kan minska trafikens p\u00e5verkan p\u00e5 luftkvalitet och klimatp\u00e5verkande utsl\u00e4pp, samt hur trafikstyrning kan optimeras f\u00f6r att minska luftf\u00f6roreningshalterna. Projektet har fokuserat p\u00e5 s\u00e5v\u00e4l luftf\u00f6roreningar som PM10, PM2.5 och kv\u00e4veoxider (NOx, NO2) samt emissioner av koldioxid CO2.<br \/>\nProjektet har genomf\u00f6rts med Trafikverket som finansi\u00e4r. SLB-analys har haft en stor del i projektet genom att ansvara f\u00f6r b\u00e5de m\u00e4tningar och analyser av luftf\u00f6roreningshalterna samt analys av koldioxidutsl\u00e4pp. Ut\u00f6ver Trafikverket och SLB-analys har \u00e4ven MOVEA deltagit.<\/p>\n<p>V\u00e4gstr\u00e4ckan som har studerats \u00e4r E4\/E20 mellan trafikplats Hallunda och trafikplats Fittja i Botkyrka kommun. P\u00e5 den 2,7 km l\u00e5nga str\u00e4ckan har varierande hastighetsgr\u00e4nser inf\u00f6rts med b\u00f6rjan i mars \u00e5r 2021. SLB-analys har under hela projektperioden genomf\u00f6rt m\u00e4tningar mitt p\u00e5 denna teststr\u00e4cka.<\/p>\n<p>Projektet har genomf\u00f6rts i flera delmoment som har genererat flertalet rapporter.<\/p>\n<h5>Delmoment 1; Analys av luftkvalitetsdata f\u00f6re inf\u00f6randet av VH<\/h5>\n<p>J\u00e4mf\u00f6relse av uppm\u00e4tta halter med milj\u00f6kvalitetsnormer och milj\u00f6m\u00e5l till skydd av m\u00e4nniskors h\u00e4lsa samt p\u00e5verkan av meteorologi. Tv\u00e5 \u00e5rs m\u00e4tningar f\u00f6re inf\u00f6randet av VH genererade tv\u00e5 rapporter:<br \/>\nAnalys av m\u00e4tdata f\u00f6r 2019:<br \/>\n<a href=\"https:\/\/www.slbanalys.se\/slb\/rapporter\/pdf8\/slb2020_019.pdf\">SLB 19:2020<\/a><br \/>\nAnalys av m\u00e4tdata f\u00f6r 2020:<br \/>\n<a href=\"https:\/\/www.slbanalys.se\/slb\/rapporter\/pdf8\/slb2021_015.pdf\">SLB 15:2021<\/a><\/p>\n<h5>Delmoment 2; Analys av trafikdata f\u00f6re inf\u00f6randet av VH<\/h5>\n<p>Analys av trafikfl\u00f6den och hastigheter f\u00f6re inf\u00f6randet av VH. Fordonssammans\u00e4ttningen analyserades noggrant med sensorer och kopplades till emissionsmodellen HBEFA f\u00f6r att ta fram emissioner f\u00f6r fordonstrafiken vid m\u00e4tplatsen.<br \/>\n<a href=\"https:\/\/www.slbanalys.se\/slb\/rapporter\/pdf8\/slb2020_037.pdf\">SLB 37:2020<\/a><\/p>\n<h5>Delmoment 3; Ber\u00e4kningar av reella emissionsfaktorer f\u00f6r NOx<\/h5>\n<p>Genom att kombinera den detaljerade fordonssammans\u00e4ttningen, emissionerna fr\u00e5n HBEFA samt de uppm\u00e4tta halterna ber\u00e4knades de verkliga emissionsfaktorerna f\u00f6r utsl\u00e4pp av kv\u00e4veoxider, NOx, p\u00e5 den aktuella v\u00e4gstr\u00e4ckan. Dels f\u00f6re inf\u00f6randet av VH:<br \/>\n<a href=\"https:\/\/www.slbanalys.se\/slb\/rapporter\/pdf8\/slb2020_042.pdf\">SLB 42:2020<\/a><br \/>\nDels efter inf\u00f6randet av VH:<br \/>\n<a href=\"https:\/\/www.slbanalys.se\/slb\/rapporter\/pdf8\/slb2022_026.pdf\">SLB 26:2022<\/a><\/p>\n<h5>Delmoment 4; Samlad analys av trafik och luftkvalitetsdata innan inf\u00f6randet av VH. Samt f\u00f6rslag p\u00e5 milj\u00f6baserad trafikstyrning.<\/h5>\n<p>En samlad analys av trafik- och luftkvalitetsdata f\u00f6re inf\u00f6randet av variabel hastighet, samt f\u00f6rslag p\u00e5 formulering f\u00f6r milj\u00f6baserad trafikstyrning och unders\u00f6kning om SLB:s prognosmodell f\u00f6r luftf\u00f6roreningar kunde anv\u00e4ndas operativt f\u00f6r milj\u00f6baserad trafikstyrning.<br \/>\n<a href=\"https:\/\/www.slbanalys.se\/slb\/rapporter\/pdf8\/slb2021_006.pdf\">SLB 6:2021<\/a><\/p>\n<h5>Delmoment 5; F\u00f6rv\u00e4ntade effekter av inf\u00f6randet av VH.<\/h5>\n<p>Baserat p\u00e5 de uppm\u00e4tta halterna samt de olika trafikparametrarna ber\u00e4knades de teoretiska effekterna av inf\u00f6randet av VH.<br \/>\n<a href=\"https:\/\/www.slbanalys.se\/slb\/rapporter\/pdf8\/slb2020_048.pdf\">SLB 48:2020<\/a><\/p>\n<h5>Delmoment 6; Analys av luftkvalitetsdata efter inf\u00f6randet av VH<\/h5>\n<p>J\u00e4mf\u00f6relse av uppm\u00e4tta halter med milj\u00f6kvalitetsnormer och milj\u00f6m\u00e5l samt p\u00e5verkan av meteorologi f\u00f6r 2021 \u00e5rs m\u00e4tdata efter inf\u00f6randet av VH.<br \/>\n<a href=\"https:\/\/www.slbanalys.se\/slb\/rapporter\/pdf8\/slb2022_012.pdf\">SLB 12:2022<\/a><\/p>\n<h5>Delmoment 7; Analys av trafikdata efter inf\u00f6randet av VH<\/h5>\n<p>Motsvarar delmoment 2, men efter inf\u00f6randet et VH. Visar skillnaden i hastighet, trafikfl\u00f6de samt fordonssammans\u00e4ttning mellan f\u00f6re och efter inf\u00f6randet av VH.<br \/>\n<a href=\"https:\/\/www.slbanalys.se\/slb\/rapporter\/pdf8\/slb2022_022.pdf\">SLB 22:2022<\/a><\/p>\n<h5>Delmoment 8; Samlad analys av trafik och luftkvalitetsdata efter inf\u00f6randet av VH<\/h5>\n<p>Analys av luftkvalitetsdata efter inf\u00f6randet av variabel hastighet och j\u00e4mf\u00f6relse med delmoment 5 och delmoment 6. Analyserar hur stor effekten av VH blev p\u00e5 halterna och emissionerna.<br \/>\n<a href=\"https:\/\/www.slbanalys.se\/slb\/rapporter\/pdf8\/slb2022_030.pdf\">SLB 30:2022<\/a><\/p>\n<h5>Delmoment 9; Analys av \u00f6vriga trafikala effekter till f\u00f6ljd av inf\u00f6rande av VH<\/h5>\n<p>Analys av trafiken som genomf\u00f6rts av Trafikverket och Movea.<\/p>\n<h5>Delmoment 10; Framtagning av riktlinjer f\u00f6r styrning av trafik efter luftkvalitetsparametrar<\/h5>\n<p>Baserat p\u00e5 de uppm\u00e4tta halterna, ber\u00e4kningarna samt erfarenheterna och slutsatserna i projektet s\u00e5 ges ett f\u00f6rslag p\u00e5 milj\u00f6styrning av trafiken.<br \/>\n<a href=\"https:\/\/www.slbanalys.se\/slb\/rapporter\/pdf8\/slb2022_044.pdf\">SLB 44:2022<\/a><\/p>\n<h5>Slutrapport<\/h5>\n<p>En sammanfattande slutrapport f\u00f6r hela projektet har tagits fram gemensamt av Trafikverket, SLB-analys och Movea.<br \/>\n<a href=\"https:\/\/www.slbanalys.se\/slb\/rapporter\/pdf8\/ovr2022_004.pdf\">Aktiv trafikstyrning f\u00f6r f\u00f6rb\u00e4ttrad luftkvalitet och minskad klimatp\u00e5verkan Utmed E4\/E20, tpl Hallunda \u2013 V\u00e5rby backe, Botkyrka kommun<\/a><\/p><\/div>\n<div class='content-column one_third last_column'><div style=\"padding-left:20px;\"><h2>P\u00e5g\u00e5ende projekt:<\/h2>\n<p><strong>\u00c5tg\u00e4rder, emissioner:<\/strong><br \/>\n<div class=\"menu-forskning_atgarder-container\"><ul id=\"short_menu_69f4908b1d6f9\" class=\"shortcode_menu  wpsm-menu wpsm-vertical menu_enhance  \"><li id=\"menu-item-3512\" class=\"menu-item menu-item-type-post_type menu-item-object-page menu-item-3512\"><a href=\"https:\/\/www.slb.nu\/slbanalys\/forskning\/clarity\/\">CLARITY<\/a><\/li>\n<li id=\"menu-item-4369\" class=\"menu-item menu-item-type-post_type menu-item-object-page menu-item-4369\"><a href=\"https:\/\/www.slb.nu\/slbanalys\/forskning\/nordust-ii\/\">Nordust II<\/a><\/li>\n<li id=\"menu-item-4562\" class=\"menu-item menu-item-type-post_type menu-item-object-page menu-item-4562\"><a href=\"https:\/\/www.slb.nu\/slbanalys\/bullerskarmar-som-atgard-mot-hoga-halter-av-luftfororeningar\/\">Bullersk\u00e4rmar som \u00e5tg\u00e4rd mot h\u00f6ga halter av luftf\u00f6roreningar<\/a><\/li>\n<li id=\"menu-item-4976\" class=\"menu-item menu-item-type-post_type menu-item-object-page menu-item-4976\"><a href=\"https:\/\/www.slb.nu\/slbanalys\/covid-19\/\">COVID-19<\/a><\/li>\n<li id=\"menu-item-4977\" class=\"menu-item menu-item-type-post_type menu-item-object-page menu-item-4977\"><a href=\"https:\/\/www.slb.nu\/slbanalys\/ihorse\/\">iHorse<\/a><\/li>\n<\/ul><\/div><div class=\"clear\"><\/div>\n\t\t\t<style>\n\t\t\t\t#short_menu_69f4908b1d6f9 {  }\n\t\t\t\t#short_menu_69f4908b1d6f9 ul.wpsm-arrow-enabled:before { color:rgba(0,0,0,0.8); } \n\t\t\t\t#short_menu_69f4908b1d6f9 ul, #short_menu_69f4908b1d6f9 ul ul { background: rgba(0,0,0,0.8); }\n\t\t\t\t#short_menu_69f4908b1d6f9 a {  }\n\t\t\t\t#short_menu_69f4908b1d6f9 a:hover {  }\n\t\t\t\t#short_menu_69f4908b1d6f9 ul a { color:#e0e0e0;  }\n\t\t\t\t#short_menu_69f4908b1d6f9 ul a:hover { color:#ffffff;  }\n\t\t\t\t\n\t\t\t<\/style>\n\t\t\t<script type=\"text\/javascript\">\n\t\t\t\tvar show_arrow = \"true\";var $sm = jQuery.noConflict();\n\t\t\t\t\tjQuery(function ($) {\n\t\t\t\t\t\t$(\"#short_menu_69f4908b1d6f9\").tinyNav();\n\t\t\t\t\t\t$(\"#short_menu_69f4908b1d6f9\").next().addClass(\"shortcode-menu-mobile\");\n\t\t\t\t\t\t\n\t\t\t\t\t\tshortcode_menu_responsive();\n\t\t\t\t\t});\n\t\t\t\t\tjQuery(window).resize(function($){\n\t\t\t\t\t\tshortcode_menu_responsive();\n\t\t\t\t\t});\n\t\t\t\t\tfunction shortcode_menu_responsive()\n\t\t\t\t\t{\n\t\t\t\t\t\tvar window_width = $sm(window).width();\n\t\t\t\t\t\tif(window_width <= 650)\n\t\t\t\t\t\t{\n\t\t\t\t\t\t\t$sm(\"#short_menu_69f4908b1d6f9\").hide();\n\t\t\t\t\t\t\t$sm(\"#short_menu_69f4908b1d6f9\").next().show();\n\t\t\t\t\t\t}\n\t\t\t\t\t\telse\n\t\t\t\t\t\t{\n\t\t\t\t\t\t\t$sm(\"#short_menu_69f4908b1d6f9\").show();\n\t\t\t\t\t\t\t$sm(\"#short_menu_69f4908b1d6f9\").next().hide();\n\t\t\t\t\t\t}\n\t\t\t\t\t}<\/script><\/p>\n<p><strong>Exponering och h\u00e4lsa:<\/strong><br \/>\n<div class=\"menu-forskning_exponering-container\"><ul id=\"short_menu_69f4908b1fc0e\" class=\"shortcode_menu  wpsm-menu wpsm-vertical menu_enhance  \"><li id=\"menu-item-4931\" class=\"menu-item menu-item-type-post_type menu-item-object-page menu-item-4931\"><a href=\"https:\/\/www.slb.nu\/slbanalys\/npets-nano-particle-emissions-from-the-transport-sector\/\">nPETS \u2013 nano Particle Emissions from the Transport Sector<\/a><\/li>\n<li id=\"menu-item-2088\" class=\"menu-item menu-item-type-post_type menu-item-object-page menu-item-2088\"><a href=\"https:\/\/www.slb.nu\/slbanalys\/forskning\/emil\/\">EMIL<\/a><\/li>\n<li id=\"menu-item-2087\" class=\"menu-item menu-item-type-post_type menu-item-object-page menu-item-2087\"><a href=\"https:\/\/www.slb.nu\/slbanalys\/forskning\/bamse\/\">BAMSE<\/a><\/li>\n<li id=\"menu-item-2933\" class=\"menu-item menu-item-type-post_type menu-item-object-page menu-item-2933\"><a href=\"https:\/\/www.slb.nu\/slbanalys\/forskning\/boendes-exponering\/\">Boendes exponering<\/a><\/li>\n<li id=\"menu-item-3504\" class=\"menu-item menu-item-type-post_type menu-item-object-page menu-item-3504\"><a href=\"https:\/\/www.slb.nu\/slbanalys\/forskning\/smurbs\/\">SMURBS<\/a><\/li>\n<li id=\"menu-item-4370\" class=\"menu-item menu-item-type-post_type menu-item-object-page menu-item-4370\"><a href=\"https:\/\/www.slb.nu\/slbanalys\/forskning\/scapis-2\/\">SCAPIS<\/a><\/li>\n<li id=\"menu-item-4373\" class=\"menu-item menu-item-type-post_type menu-item-object-page menu-item-4373\"><a href=\"https:\/\/www.slb.nu\/slbanalys\/forskning\/screening-av-halsofarliga-amnen\/\">Screening av h\u00e4lsofarliga \u00e4mnen<\/a><\/li>\n<li id=\"menu-item-4561\" class=\"menu-item menu-item-type-post_type menu-item-object-page menu-item-4561\"><a href=\"https:\/\/www.slb.nu\/slbanalys\/battre-metoder-att-beskriva-halsovinster-av-minskad-luftfororeningsexponering-fran-vagtrafik-2\/\">B\u00e4ttre metoder att beskriva h\u00e4lsovinster av minskad luftf\u00f6roreningsexponering fr\u00e5n v\u00e4gtrafik<\/a><\/li>\n<\/ul><\/div><div class=\"clear\"><\/div>\n\t\t\t<style>\n\t\t\t\t#short_menu_69f4908b1fc0e {  }\n\t\t\t\t#short_menu_69f4908b1fc0e ul.wpsm-arrow-enabled:before { color:rgba(0,0,0,0.8); } \n\t\t\t\t#short_menu_69f4908b1fc0e ul, #short_menu_69f4908b1fc0e ul ul { background: rgba(0,0,0,0.8); }\n\t\t\t\t#short_menu_69f4908b1fc0e a {  }\n\t\t\t\t#short_menu_69f4908b1fc0e a:hover {  }\n\t\t\t\t#short_menu_69f4908b1fc0e ul a { color:#e0e0e0;  }\n\t\t\t\t#short_menu_69f4908b1fc0e ul a:hover { color:#ffffff;  }\n\t\t\t\t\n\t\t\t<\/style>\n\t\t\t<script type=\"text\/javascript\">\n\t\t\t\tvar show_arrow = \"true\";<\/script><br \/><\/div><\/div><div class='clear_column'><\/div>\n","protected":false},"excerpt":{"rendered":"","protected":false},"author":8,"featured_media":0,"parent":0,"menu_order":0,"comment_status":"closed","ping_status":"closed","template":"page-templates\/full-width.php","meta":[],"_links":{"self":[{"href":"https:\/\/www.slb.nu\/slbanalys\/wp-json\/wp\/v2\/pages\/4531"}],"collection":[{"href":"https:\/\/www.slb.nu\/slbanalys\/wp-json\/wp\/v2\/pages"}],"about":[{"href":"https:\/\/www.slb.nu\/slbanalys\/wp-json\/wp\/v2\/types\/page"}],"author":[{"embeddable":true,"href":"https:\/\/www.slb.nu\/slbanalys\/wp-json\/wp\/v2\/users\/8"}],"replies":[{"embeddable":true,"href":"https:\/\/www.slb.nu\/slbanalys\/wp-json\/wp\/v2\/comments?post=4531"}],"version-history":[{"count":8,"href":"https:\/\/www.slb.nu\/slbanalys\/wp-json\/wp\/v2\/pages\/4531\/revisions"}],"predecessor-version":[{"id":5395,"href":"https:\/\/www.slb.nu\/slbanalys\/wp-json\/wp\/v2\/pages\/4531\/revisions\/5395"}],"wp:attachment":[{"href":"https:\/\/www.slb.nu\/slbanalys\/wp-json\/wp\/v2\/media?parent=4531"}],"curies":[{"name":"wp","href":"https:\/\/api.w.org\/{rel}","templated":true}]}}