{"id":484,"date":"2015-11-16T09:52:32","date_gmt":"2015-11-16T09:52:32","guid":{"rendered":"http:\/\/puppetmaster.slb.nu\/slbanalys\/?page_id=484"},"modified":"2024-03-20T13:03:10","modified_gmt":"2024-03-20T12:03:10","slug":"luftvardsforbundet","status":"publish","type":"page","link":"https:\/\/www.slb.nu\/slbanalys\/luftvardsforbundet\/","title":{"rendered":"Luftv\u00e5rdsf\u00f6rbundet"},"content":{"rendered":"<h2>Luftv\u00e5rdsf\u00f6rbundet<\/h2>\n<p>SLB-analys sk\u00f6ter driften av \u00d6stra Sveriges Luftv\u00e5rdsf\u00f6rbunds luft\u00f6vervakningssystem. \u00d6stra Sveriges Luftv\u00e5rdsf\u00f6rbund (OSLVF) \u00e4r en ideell f\u00f6rening som p\u00e5 medlemmarnas uppdrag \u00f6vervakar, analyserar och beskriver luftkvaliteten i sex l\u00e4n i syd\u00f6stra Sverige: Stockholms-, S\u00f6dermanlands-, G\u00e4vleborgs-, \u00d6sterg\u00f6tlands-, Gotlands- och Uppsala l\u00e4n. F\u00f6rbundet har idag 71 medlemsorganisationer, varav 62 \u00e4r kommuner. \u00c4ven regioner, forskningsinstitutioner, f\u00f6retag och statliga verk \u00e4r medlemmar i luftv\u00e5rdsf\u00f6rbundet.<\/p>\n<p>\u00d6stra Sveriges Luftv\u00e5rdsf\u00f6rbund fungerar som ink\u00f6pscentral och alla medlemmar kan direktavropa SLB-analys till 30 procent l\u00e4gre timpris.<\/p>\n<p><strong>Kontakta \u00d6stra Sveriges Luftv\u00e5rdsf\u00f6rbund<\/strong><br>Centrum f\u00f6r arbets- och milj\u00f6medicin<br>Solnav\u00e4gen 4, plan 10<br>113 65 Stockholm<br>Telefon: 076-502 21 01<br><a href=\"http:\/\/www.oslvf.se\" target=\"_blank\" rel=\"noopener noreferrer\">www.oslvf.se<\/a> \/ <a href=\"mailto:frida.eik-ohman@oslvf.se\">frida.eik-ohman@oslvf.se<\/a><br><a href=\"https:\/\/www.facebook.com\/oslvf\" target=\"_blank\" rel=\"noopener noreferrer\"><img loading=\"lazy\" class=\"alignnone size-full wp-image-1738\" src=\"\/slbanalys\/wp-content\/uploads\/2015\/08\/facebook100-e1456731098394.png\" alt=\"facebook100\" width=\"20\" height=\"20\"><\/a> <a href=\"https:\/\/twitter.com\/OSLVF_SKVVF\" target=\"_blank\" rel=\"noopener noreferrer\"><img loading=\"lazy\" class=\"alignnone size-full wp-image-1741\" src=\"\/slbanalys\/wp-content\/uploads\/2015\/08\/twitter100-e1456731194484.png\" alt=\"twitter100\" width=\"20\" height=\"20\"><\/a> <a href=\"https:\/\/www.linkedin.com\/company\/stockholms-och-uppsala-l-ns-luftv-rdsf-rbund\" target=\"_blank\" rel=\"noopener noreferrer\"><img loading=\"lazy\" class=\"alignnone size-full wp-image-1743\" src=\"\/slbanalys\/wp-content\/uploads\/2015\/08\/linkedin100-e1456731239932.png\" alt=\"linkedin100\" width=\"20\" height=\"20\"><\/a><\/p>\n\n\n<p><\/p>\n","protected":false},"excerpt":{"rendered":"<p>Luftv\u00e5rdsf\u00f6rbundet SLB-analys sk\u00f6ter driften av \u00d6stra Sveriges Luftv\u00e5rdsf\u00f6rbunds luft\u00f6vervakningssystem. \u00d6stra Sveriges Luftv\u00e5rdsf\u00f6rbund (OSLVF) \u00e4r en ideell f\u00f6rening som p\u00e5 medlemmarnas uppdrag \u00f6vervakar, analyserar och beskriver luftkvaliteten i sex l\u00e4n i syd\u00f6stra Sverige: Stockholms-, S\u00f6dermanlands-, G\u00e4vleborgs-, \u00d6sterg\u00f6tlands-, Gotlands- och Uppsala l\u00e4n. F\u00f6rbundet har idag 71 medlemsorganisationer, varav 62 \u00e4r kommuner. \u00c4ven regioner, forskningsinstitutioner, f\u00f6retag och statliga [&hellip;]<\/p>\n","protected":false},"author":2,"featured_media":0,"parent":0,"menu_order":0,"comment_status":"closed","ping_status":"closed","template":"","meta":[],"_links":{"self":[{"href":"https:\/\/www.slb.nu\/slbanalys\/wp-json\/wp\/v2\/pages\/484"}],"collection":[{"href":"https:\/\/www.slb.nu\/slbanalys\/wp-json\/wp\/v2\/pages"}],"about":[{"href":"https:\/\/www.slb.nu\/slbanalys\/wp-json\/wp\/v2\/types\/page"}],"author":[{"embeddable":true,"href":"https:\/\/www.slb.nu\/slbanalys\/wp-json\/wp\/v2\/users\/2"}],"replies":[{"embeddable":true,"href":"https:\/\/www.slb.nu\/slbanalys\/wp-json\/wp\/v2\/comments?post=484"}],"version-history":[{"count":39,"href":"https:\/\/www.slb.nu\/slbanalys\/wp-json\/wp\/v2\/pages\/484\/revisions"}],"predecessor-version":[{"id":5725,"href":"https:\/\/www.slb.nu\/slbanalys\/wp-json\/wp\/v2\/pages\/484\/revisions\/5725"}],"wp:attachment":[{"href":"https:\/\/www.slb.nu\/slbanalys\/wp-json\/wp\/v2\/media?parent=484"}],"curies":[{"name":"wp","href":"https:\/\/api.w.org\/{rel}","templated":true}]}}