{"id":4934,"date":"2021-05-25T13:57:17","date_gmt":"2021-05-25T11:57:17","guid":{"rendered":"https:\/\/www.slb.nu\/slbanalys\/?page_id=4934"},"modified":"2025-02-26T13:18:59","modified_gmt":"2025-02-26T12:18:59","slug":"sollentuna","status":"publish","type":"page","link":"https:\/\/www.slb.nu\/slbanalys\/sollentuna\/","title":{"rendered":"Sollentuna"},"content":{"rendered":"<p><div class='content-column two_third'><\/div><br \/>\n<script>\njQuery(document).ready(function() {\n    jQuery('.tabs .tab-links a').on('click', function(e)  {\n        var currentAttrValue = jQuery(this).attr('href');\n        \/\/ Show\/Hide Tabs\n        jQuery('.tabs ' + currentAttrValue).show().siblings().hide();\n        \/\/ Change\/remove current tab to active\n        jQuery(this).parent('li').addClass('active').siblings().removeClass('active');\n        e.preventDefault();\n    });\n});\n<\/script>\n<\/p>\n<h2>Sollentuna<\/h2>\n<p>I Sollentuna m\u00e4ts partiklar, PM10, vid E4 H\u00e4ggvik, Danderydsv\u00e4gen (Edsberg), Ekmans v\u00e4g 11 och Sollentunav\u00e4gen 192. Nedan visas grafer \u00f6ver uppm\u00e4tta dygnsmedelv\u00e4rden av partiklar, PM10, de senaste tv\u00e5 veckorna samt antal dygn halterna har varit h\u00f6gre \u00e4n normv\u00e4rdet hittills i \u00e5r.<br \/>\nSom j\u00e4mf\u00f6relse visas \u00e4ven resultat fr\u00e5n m\u00e4tningar i Stockholm, dels urban bakgrundsmilj\u00f6 i takniv\u00e5 vid Torkel Knutssonsgatan, dels i gatuniv\u00e5 p\u00e5 Hornsgatan och Sveav\u00e4gen (medelv\u00e4rde).<\/p>\n<p>F\u00f6r placering och beskrivning av m\u00e4tstationen se \u201cSLB-analys p\u00e5g\u00e5ende m\u00e4tningar\u201d under <a href=\"https:\/\/www.slb.nu\/slbanalys\/matningar\/\">Luft\u00f6vervakning<\/a>. F\u00f6r att l\u00e4sa mer om milj\u00f6kvalitetsnormer, se <a href=\"https:\/\/www.slb.nu\/slbanalys\/mkn-info\/\">Milj\u00f6kvalitetsnormer<\/a>.<\/p>\n<div class=\"tabs\">\n<ul class=\"tab-links\">\n<li class=\"active\"><a href=\"#tab1\">PM10 Dygn<\/a><\/li>\n<li><a href=\"#tab2\">PM10 Norm<\/a><\/li>\n<\/ul>\n<div class=\"tab-content-sollentuna\">\n<div id=\"tab1\" class=\"tab active\">\n<div id=\"pm10_chart\" style=\"width: 600px; height: 360px; float: left;\"><\/div>\n<div style=\"width: 20px; height: 20px; float: left;\"><\/div>\n<\/div>\n<div id=\"tab2\" class=\"tab active\">\n<div id=\"pm10d_chart\" style=\"width: 600px; height: 360px; float: left;\"><\/div>\n<div style=\"width: 20px; height: 20px; float: left;\"><\/div>\n<\/div>\n<\/div>\n<\/div>\n<p><a href=\"https:\/\/www.slb.nu\/slbanalys\/historisk-data-kommunvis-timme\/?kommun=sollentuna\">Data interaktivt<\/a><br \/>\n<div class='content-column two_third last_column'><h2>L\u00e4s ocks\u00e5 om<\/h2>\n<p><a href=\"\/slbanalys\/mkm-info\/\">Milj\u00f6kvalitetsm\u00e5l<\/a><br \/>\n<a href=\"\/slbanalys\/luften-idag\/\">Luften idag i andra kommuner<\/a><br \/><\/div><div class='clear_column'><\/div><\/p>\n<p><script src=\"\/slbanalys\/js\/plotly-2.2.0.min.js\"><\/script><br \/>\n<script type=\"text\/javascript\">\nvar datta = [['Tid','E4 H\u00e4ggvik','Danderydsv\u00e4gen, Edsberg','Ekmansv\u00e4gen 11','Sollentunav\u00e4gen','Hornsg, Sveav','Torkel Knutssonsg'],['22\/03',21.0981,26.6011,25.8439,31.9863,31.4156,14.7792],['23\/03',36.8832,46.8947,29.829,44.7601,47.5867,21.4619],['24\/03',22.162,27.9113,24.2322,26.2322,31.513,14.8781],['25\/03',19.1597,15.8498,21.1289,17.5055,10.9849,10.7048],['26\/03',20.4397,23.6203,13.5551,20.7017,25.9582,12.7241],['27\/03',26.8977,36.5513,24.2759,28.879,37.8762,15.4514],['28\/03',18.5848,20.069,21.3154,28.9618,39.946,16.7735],['29\/03',18.8102,20.5095,23.0406,24.6055,28.4337,16.0402],['30\/03',23.7475,26.0586,22.2369,37.6079,31.8364,13.8464],['31\/03',29.2549,26.7572,20.2917,29.7435,33.656,16.6094],['01\/04',24.7748,31.1193,27.3495,34.5536,39.4626,20.8191],['02\/04',16.6633,16.5456,12.4564,20.5989,20.7479,11.3523],['03\/04',3.01998,2.48872,4.41032,3.08109,6.62855,5.81953],['04\/04',2.60721,1.89904,4.39279,2.33608,null,null]];\n\nvar names = datta[0].slice(1,);\nvar xvals = new  Array(datta.length-1);\nvar yvals = new Array(names.length);\n \nfor (let i = 1; i < datta.length; i++) {\n    xvals[i-1] = datta[i][0];\n}\nfor (let i = 0; i < names.length; i++) {\n    yvals[i] = new Array(xvals.length);\n    for (let j = 0; j < xvals.length; j++) {\n        yvals[i][j] = datta[j+1][i+1];\n    }\n}\n\nvar traces = new Array(names.length);\nvar ymax = 0;\nfor (let i = 0; i < names.length; i++) {\n    mymax = Math.max(...yvals[i]);\n    ymax = Math.max(ymax, mymax);\n\n    var this_trace = {\n        hovertemplate: \"%{y}<br>%{data.name}: %{x}<extra><\/extra>\",\n        x: xvals,\n        y: yvals[i],\n        type: 'line',\n        name: names[i],\n        mode: 'lines+markers',\n        marker: {symbol: 'diamond'},\n        line: {width: 1}\n    }\n    if (names[i] == 'Gr\u00e4nsv\u00e4rde') {\n        this_trace.line = {\n            dash: 'dot',\n            color: 'rgb(0,0,0)',\n            width: 1.5\n        };\n    }\n\n    traces[i] = this_trace;\n}\n\nvar layout = {\n    title: {\n        text: '<b>Partikelhalter (mikrogram per kubikmeter)<\/b>',\n        size: 14\n    },\n    yaxis: {\n        range: [0, ymax+ymax\/10], \/\/ TODO fix range\n    },\n    xaxis: {\n        tickangle: 335,\n        nticks: 16,\n        font: { size:10 },\n        title: {\n            font: {\n                size:  12\n            },\n        }\n    },\n    margin: {\n            l: 20,\n            r: 50,\n            t: 30,\n            b: 40\n    },\n    paper_bgcolor: \"rgb(241,241,241)\",\n    plot_bgcolor: \"rgb(241,241,241)\",\n    font: {\n        family: \"Arial\",\n        size: 12\n    }\n};\n\nvar mydiv = 'pm10' + '_chart';\nPlotly.newPlot(mydiv, traces, layout, {displayModeBar: false, scrollZoom: false});\n\n<\/script>\n\n\n<\/p>\n<p><script type=\"text\/javascript\">\nvar datta = [['Datum','E4 H\u00e4ggvik','Danderydsv\u00e4gen, Edsberg','Ekmansv\u00e4gen 11','Sollentunav\u00e4gen','Hornsg, Sveav','Torkel Knutssonsg','Gr\u00e4nsv\u00e4rde'], ['01\/01', 0, 0, 0, 0, 0, 0, 35], ['02\/01', 0, 0, null, 0, 0, 0, 35], ['03\/01', 0, 0, null, 0, 0, 0, 35], ['04\/01', 0, 0, null, 0, 0, 0, 35], ['05\/01', 0, 0, null, 0, 0, 0, 35], ['06\/01', 0, 0, null, 0, 0, 0, 35], ['07\/01', 0, 0, null, 0, 0, 0, 35], ['08\/01', 0, 0, null, 0, 0, 0, 35], ['09\/01', 0, 0, null, 0, 0, 0, 35], ['10\/01', 0, 0, null, 0, 0, 0, 35], ['11\/01', 0, 0, null, 0, 0, 0, 35], ['12\/01', 0, 0, null, 0, 0, 0, 35], ['13\/01', 0, 0, null, 0, 0, 0, 35], ['14\/01', 0, 0, null, 0, 0, 0, 35], ['15\/01', 0, 0, null, 0, 0, 0, 35], ['16\/01', 0, 0, null, 0, 0, 0, 35], ['17\/01', 0, 0, null, 0, 0, 0, 35], ['18\/01', 0, 0, null, 0, 0, 0, 35], ['19\/01', 0, 0, null, 0, 0, 0, 35], ['20\/01', 0, 0, null, 0, 0, 0, 35], ['21\/01', 0, 0, null, 0, 0, 0, 35], ['22\/01', 0, 0, null, 0, 0, 0, 35], ['23\/01', 0, 0, null, 0, 0, 0, 35], ['24\/01', 0, 0, 0, 0, 0, 0, 35], ['25\/01', 0, 0, 0, 0, 0, 0, 35], ['26\/01', 0, 0, 0, 0, 0, 0, 35], ['27\/01', 0, 0, 0, 0, 0, 0, 35], ['28\/01', 0, 0, 0, 0, 0, 0, 35], ['29\/01', 0, 0, 0, 0, 0, 0, 35], ['30\/01', 0, 0, 0, 0, 0, 0, 35], ['31\/01', 0, 0, 0, 0, 0, 0, 35], ['01\/02', 0, 0, 0, 0, 0, 0, 35], ['02\/02', 0, 0, 0, 0, 0, 0, 35], ['03\/02', 0, 0, 0, 0, 0, 0, 35], ['04\/02', 0, 0, 0, 0, 0, 0, 35], ['05\/02', 0, 0, 0, 0, 0, 0, 35], ['06\/02', 0, 0, 0, 0, 0, 0, 35], ['07\/02', 0, 0, 0, 0, 0, 0, 35], ['08\/02', 0, 0, 0, 0, 0, 0, 35], ['09\/02', 0, 0, 0, 0, 0, 0, 35], ['10\/02', 0, 0, 0, 0, 0, 0, 35], ['11\/02', 0, 0, 0, 0, 0, 0, 35], ['12\/02', 0, 0, 0, 0, 0, 0, 35], ['13\/02', 0, 0, 0, 0, 0, 0, 35], ['14\/02', 0, 0, 0, 0, 0, 0, 35], ['15\/02', 0, 0, 0, 0, 0, 0, 35], ['16\/02', 0, 0, 0, 0, 0, 0, 35], ['17\/02', 1, 0, null, 0, 0, 0, 35], ['18\/02', 2, 0, null, 0, 0, 0, 35], ['19\/02', 3, 0, 0, 0, 1, 0, 35], ['20\/02', 3, null, 0, 1, 2, 0, 35], ['21\/02', 3, 0, 0, 1, 2, 0, 35], ['22\/02', 3, 0, 0, 1, 2, 0, 35], ['23\/02', 3, 0, 0, 1, 2, 0, 35], ['24\/02', 3, 0, 0, 1, 2, 0, 35], ['25\/02', 3, 0, 0, 1, 2, 0, 35], ['26\/02', 3, 0, 0, 1, 2, 0, 35], ['27\/02', 3, 0, 0, 1, 2, 0, 35], ['28\/02', 3, 0, 0, 1, 2, 0, 35], ['01\/03', 3, 0, 0, 1, 2, 0, 35], ['02\/03', 3, 0, 0, 1, 2, 0, 35], ['03\/03', 3, 0, 0, 1, 2, 0, 35], ['04\/03', 3, 0, 0, 1, 3, 0, 35], ['05\/03', 4, 0, 0, 1, 4, 0, 35], ['06\/03', 4, 0, 0, 1, 5, 0, 35], ['07\/03', 4, 0, 0, 1, 5, 0, 35], ['08\/03', 4, 0, 0, 2, 6, 0, 35], ['09\/03', 4, 0, 0, 2, 7, 0, 35], ['10\/03', 5, 0, 1, 2, 8, 0, 35], ['11\/03', 5, 0, 1, 2, 8, 0, 35], ['12\/03', 5, 0, 1, 2, 8, 0, 35], ['13\/03', 5, null, 1, null, 9, 0, 35], ['14\/03', 5, 0, 1, 2, 9, 0, 35], ['15\/03', 5, 0, 1, 2, 9, 0, 35], ['16\/03', 5, 0, 1, 2, 9, 0, 35], ['17\/03', 5, 0, 1, 2, 10, 0, 35], ['18\/03', 5, 0, 1, 2, 11, 0, 35], ['19\/03', 6, 0, 2, 3, 12, 0, 35], ['20\/03', 7, 1, 2, 3, 13, 0, 35], ['21\/03', 7, 1, 2, 3, 14, 0, 35], ['22\/03', 7, 1, 2, 3, 14, 0, 35], ['23\/03', 7, 1, 2, 3, 14, 0, 35], ['24\/03', 7, 1, 2, 3, 14, 0, 35], ['25\/03', 7, 1, 2, 3, 14, 0, 35], ['26\/03', 7, 1, 2, 3, 14, 0, 35], ['27\/03', 7, 1, 2, 3, 14, 0, 35], ['28\/03', 7, 1, 2, 3, 14, 0, 35], ['29\/03', 7, 1, 2, 3, 14, 0, 35], ['30\/03', 7, 1, 2, 3, 14, 0, 35], ['31\/03', 7, 1, 2, 3, 14, 0, 35], ['01\/04', 7, 1, 2, 3, 14, 0, 35], ['02\/04', 7, 1, 2, 3, 14, 0, 35], ['03\/04', 7, 1, 2, 3, 14, 0, 35], ['04\/04', 7, 1, 2, 3, null, null, 35], ['05\/04', null, null, null, null, null, null, 35], ['06\/04', null, null, null, null, null, null, 35], ['07\/04', null, null, null, null, null, null, 35], ['08\/04', null, null, null, null, null, null, 35], ['09\/04', null, null, null, null, null, null, 35], ['10\/04', null, null, null, null, null, null, 35], ['11\/04', null, null, null, null, null, null, 35], ['12\/04', null, null, null, null, null, null, 35], ['13\/04', null, null, null, null, null, null, 35], ['14\/04', null, null, null, null, null, null, 35], ['15\/04', null, null, null, null, null, null, 35], ['16\/04', null, null, null, null, null, null, 35], ['17\/04', null, null, null, null, null, null, 35], ['18\/04', null, null, null, null, null, null, 35], ['19\/04', null, null, null, null, null, null, 35], ['20\/04', null, null, null, null, null, null, 35], ['21\/04', null, null, null, null, null, null, 35], ['22\/04', null, null, null, null, null, null, 35], ['23\/04', null, null, null, null, null, null, 35], ['24\/04', null, null, null, null, null, null, 35], ['25\/04', null, null, null, null, null, null, 35], ['26\/04', null, null, null, null, null, null, 35], ['27\/04', null, null, null, null, null, null, 35], ['28\/04', null, null, null, null, null, null, 35], ['29\/04', null, null, null, null, null, null, 35], ['30\/04', null, null, null, null, null, null, 35], ['01\/05', null, null, null, null, null, null, 35], ['02\/05', null, null, null, null, null, null, 35], ['03\/05', null, null, null, null, null, null, 35], ['04\/05', null, null, null, null, null, null, 35], ['05\/05', null, null, null, null, null, null, 35], ['06\/05', null, null, null, null, null, null, 35], ['07\/05', null, null, null, null, null, null, 35], ['08\/05', null, null, null, null, null, null, 35], ['09\/05', null, null, null, null, null, null, 35], ['10\/05', null, null, null, null, null, null, 35], ['11\/05', null, null, null, null, null, null, 35], ['12\/05', null, null, null, null, null, null, 35], ['13\/05', null, null, null, null, null, null, 35], ['14\/05', null, null, null, null, null, null, 35], ['15\/05', null, null, null, null, null, null, 35], ['16\/05', null, null, null, null, null, null, 35], ['17\/05', null, null, null, null, null, null, 35], ['18\/05', null, null, null, null, null, null, 35], ['19\/05', null, null, null, null, null, null, 35], ['20\/05', null, null, null, null, null, null, 35], ['21\/05', null, null, null, null, null, null, 35], ['22\/05', null, null, null, null, null, null, 35], ['23\/05', null, null, null, null, null, null, 35], ['24\/05', null, null, null, null, null, null, 35], ['25\/05', null, null, null, null, null, null, 35], ['26\/05', null, null, null, null, null, null, 35], ['27\/05', null, null, null, null, null, null, 35], ['28\/05', null, null, null, null, null, null, 35], ['29\/05', null, null, null, null, null, null, 35], ['30\/05', null, null, null, null, null, null, 35], ['31\/05', null, null, null, null, null, null, 35], ['01\/06', null, null, null, null, null, null, 35], ['02\/06', null, null, null, null, null, null, 35], ['03\/06', null, null, null, null, null, null, 35], ['04\/06', null, null, null, null, null, null, 35], ['05\/06', null, null, null, null, null, null, 35], ['06\/06', null, null, null, null, null, null, 35], ['07\/06', null, null, null, null, null, null, 35], ['08\/06', null, null, null, null, null, null, 35], ['09\/06', null, null, null, null, null, null, 35], ['10\/06', null, null, null, null, null, null, 35], ['11\/06', null, null, null, null, null, null, 35], ['12\/06', null, null, null, null, null, null, 35], ['13\/06', null, null, null, null, null, null, 35], ['14\/06', null, null, null, null, null, null, 35], ['15\/06', null, null, null, null, null, null, 35], ['16\/06', null, null, null, null, null, null, 35], ['17\/06', null, null, null, null, null, null, 35], ['18\/06', null, null, null, null, null, null, 35], ['19\/06', null, null, null, null, null, null, 35], ['20\/06', null, null, null, null, null, null, 35], ['21\/06', null, null, null, null, null, null, 35], ['22\/06', null, null, null, null, null, null, 35], ['23\/06', null, null, null, null, null, null, 35], ['24\/06', null, null, null, null, null, null, 35], ['25\/06', null, null, null, null, null, null, 35], ['26\/06', null, null, null, null, null, null, 35], ['27\/06', null, null, null, null, null, null, 35], ['28\/06', null, null, null, null, null, null, 35], ['29\/06', null, null, null, null, null, null, 35], ['30\/06', null, null, null, null, null, null, 35], ['01\/07', null, null, null, null, null, null, 35], ['02\/07', null, null, null, null, null, null, 35], ['03\/07', null, null, null, null, null, null, 35], ['04\/07', null, null, null, null, null, null, 35], ['05\/07', null, null, null, null, null, null, 35], ['06\/07', null, null, null, null, null, null, 35], ['07\/07', null, null, null, null, null, null, 35], ['08\/07', null, null, null, null, null, null, 35], ['09\/07', null, null, null, null, null, null, 35], ['10\/07', null, null, null, null, null, null, 35], ['11\/07', null, null, null, null, null, null, 35], ['12\/07', null, null, null, null, null, null, 35], ['13\/07', null, null, null, null, null, null, 35], ['14\/07', null, null, null, null, null, null, 35], ['15\/07', null, null, null, null, null, null, 35], ['16\/07', null, null, null, null, null, null, 35], ['17\/07', null, null, null, null, null, null, 35], ['18\/07', null, null, null, null, null, null, 35], ['19\/07', null, null, null, null, null, null, 35], ['20\/07', null, null, null, null, null, null, 35], ['21\/07', null, null, null, null, null, null, 35], ['22\/07', null, null, null, null, null, null, 35], ['23\/07', null, null, null, null, null, null, 35], ['24\/07', null, null, null, null, null, null, 35], ['25\/07', null, null, null, null, null, null, 35], ['26\/07', null, null, null, null, null, null, 35], ['27\/07', null, null, null, null, null, null, 35], ['28\/07', null, null, null, null, null, null, 35], ['29\/07', null, null, null, null, null, null, 35], ['30\/07', null, null, null, null, null, null, 35], ['31\/07', null, null, null, null, null, null, 35], ['01\/08', null, null, null, null, null, null, 35], ['02\/08', null, null, null, null, null, null, 35], ['03\/08', null, null, null, null, null, null, 35], ['04\/08', null, null, null, null, null, null, 35], ['05\/08', null, null, null, null, null, null, 35], ['06\/08', null, null, null, null, null, null, 35], ['07\/08', null, null, null, null, null, null, 35], ['08\/08', null, null, null, null, null, null, 35], ['09\/08', null, null, null, null, null, null, 35], ['10\/08', null, null, null, null, null, null, 35], ['11\/08', null, null, null, null, null, null, 35], ['12\/08', null, null, null, null, null, null, 35], ['13\/08', null, null, null, null, null, null, 35], ['14\/08', null, null, null, null, null, null, 35], ['15\/08', null, null, null, null, null, null, 35], ['16\/08', null, null, null, null, null, null, 35], ['17\/08', null, null, null, null, null, null, 35], ['18\/08', null, null, null, null, null, null, 35], ['19\/08', null, null, null, null, null, null, 35], ['20\/08', null, null, null, null, null, null, 35], ['21\/08', null, null, null, null, null, null, 35], ['22\/08', null, null, null, null, null, null, 35], ['23\/08', null, null, null, null, null, null, 35], ['24\/08', null, null, null, null, null, null, 35], ['25\/08', null, null, null, null, null, null, 35], ['26\/08', null, null, null, null, null, null, 35], ['27\/08', null, null, null, null, null, null, 35], ['28\/08', null, null, null, null, null, null, 35], ['29\/08', null, null, null, null, null, null, 35], ['30\/08', null, null, null, null, null, null, 35], ['31\/08', null, null, null, null, null, null, 35], ['01\/09', null, null, null, null, null, null, 35], ['02\/09', null, null, null, null, null, null, 35], ['03\/09', null, null, null, null, null, null, 35], ['04\/09', null, null, null, null, null, null, 35], ['05\/09', null, null, null, null, null, null, 35], ['06\/09', null, null, null, null, null, null, 35], ['07\/09', null, null, null, null, null, null, 35], ['08\/09', null, null, null, null, null, null, 35], ['09\/09', null, null, null, null, null, null, 35], ['10\/09', null, null, null, null, null, null, 35], ['11\/09', null, null, null, null, null, null, 35], ['12\/09', null, null, null, null, null, null, 35], ['13\/09', null, null, null, null, null, null, 35], ['14\/09', null, null, null, null, null, null, 35], ['15\/09', null, null, null, null, null, null, 35], ['16\/09', null, null, null, null, null, null, 35], ['17\/09', null, null, null, null, null, null, 35], ['18\/09', null, null, null, null, null, null, 35], ['19\/09', null, null, null, null, null, null, 35], ['20\/09', null, null, null, null, null, null, 35], ['21\/09', null, null, null, null, null, null, 35], ['22\/09', null, null, null, null, null, null, 35], ['23\/09', null, null, null, null, null, null, 35], ['24\/09', null, null, null, null, null, null, 35], ['25\/09', null, null, null, null, null, null, 35], ['26\/09', null, null, null, null, null, null, 35], ['27\/09', null, null, null, null, null, null, 35], ['28\/09', null, null, null, null, null, null, 35], ['29\/09', null, null, null, null, null, null, 35], ['30\/09', null, null, null, null, null, null, 35], ['01\/10', null, null, null, null, null, null, 35], ['02\/10', null, null, null, null, null, null, 35], ['03\/10', null, null, null, null, null, null, 35], ['04\/10', null, null, null, null, null, null, 35], ['05\/10', null, null, null, null, null, null, 35], ['06\/10', null, null, null, null, null, null, 35], ['07\/10', null, null, null, null, null, null, 35], ['08\/10', null, null, null, null, null, null, 35], ['09\/10', null, null, null, null, null, null, 35], ['10\/10', null, null, null, null, null, null, 35], ['11\/10', null, null, null, null, null, null, 35], ['12\/10', null, null, null, null, null, null, 35], ['13\/10', null, null, null, null, null, null, 35], ['14\/10', null, null, null, null, null, null, 35], ['15\/10', null, null, null, null, null, null, 35], ['16\/10', null, null, null, null, null, null, 35], ['17\/10', null, null, null, null, null, null, 35], ['18\/10', null, null, null, null, null, null, 35], ['19\/10', null, null, null, null, null, null, 35], ['20\/10', null, null, null, null, null, null, 35], ['21\/10', null, null, null, null, null, null, 35], ['22\/10', null, null, null, null, null, null, 35], ['23\/10', null, null, null, null, null, null, 35], ['24\/10', null, null, null, null, null, null, 35], ['25\/10', null, null, null, null, null, null, 35], ['26\/10', null, null, null, null, null, null, 35], ['27\/10', null, null, null, null, null, null, 35], ['28\/10', null, null, null, null, null, null, 35], ['29\/10', null, null, null, null, null, null, 35], ['30\/10', null, null, null, null, null, null, 35], ['31\/10', null, null, null, null, null, null, 35], ['01\/11', null, null, null, null, null, null, 35], ['02\/11', null, null, null, null, null, null, 35], ['03\/11', null, null, null, null, null, null, 35], ['04\/11', null, null, null, null, null, null, 35], ['05\/11', null, null, null, null, null, null, 35], ['06\/11', null, null, null, null, null, null, 35], ['07\/11', null, null, null, null, null, null, 35], ['08\/11', null, null, null, null, null, null, 35], ['09\/11', null, null, null, null, null, null, 35], ['10\/11', null, null, null, null, null, null, 35], ['11\/11', null, null, null, null, null, null, 35], ['12\/11', null, null, null, null, null, null, 35], ['13\/11', null, null, null, null, null, null, 35], ['14\/11', null, null, null, null, null, null, 35], ['15\/11', null, null, null, null, null, null, 35], ['16\/11', null, null, null, null, null, null, 35], ['17\/11', null, null, null, null, null, null, 35], ['18\/11', null, null, null, null, null, null, 35], ['19\/11', null, null, null, null, null, null, 35], ['20\/11', null, null, null, null, null, null, 35], ['21\/11', null, null, null, null, null, null, 35], ['22\/11', null, null, null, null, null, null, 35], ['23\/11', null, null, null, null, null, null, 35], ['24\/11', null, null, null, null, null, null, 35], ['25\/11', null, null, null, null, null, null, 35], ['26\/11', null, null, null, null, null, null, 35], ['27\/11', null, null, null, null, null, null, 35], ['28\/11', null, null, null, null, null, null, 35], ['29\/11', null, null, null, null, null, null, 35], ['30\/11', null, null, null, null, null, null, 35], ['01\/12', null, null, null, null, null, null, 35], ['02\/12', null, null, null, null, null, null, 35], ['03\/12', null, null, null, null, null, null, 35], ['04\/12', null, null, null, null, null, null, 35], ['05\/12', null, null, null, null, null, null, 35], ['06\/12', null, null, null, null, null, null, 35], ['07\/12', null, null, null, null, null, null, 35], ['08\/12', null, null, null, null, null, null, 35], ['09\/12', null, null, null, null, null, null, 35], ['10\/12', null, null, null, null, null, null, 35], ['11\/12', null, null, null, null, null, null, 35], ['12\/12', null, null, null, null, null, null, 35], ['13\/12', null, null, null, null, null, null, 35], ['14\/12', null, null, null, null, null, null, 35], ['15\/12', null, null, null, null, null, null, 35], ['16\/12', null, null, null, null, null, null, 35], ['17\/12', null, null, null, null, null, null, 35], ['18\/12', null, null, null, null, null, null, 35], ['19\/12', null, null, null, null, null, null, 35], ['20\/12', null, null, null, null, null, null, 35], ['21\/12', null, null, null, null, null, null, 35], ['22\/12', null, null, null, null, null, null, 35], ['23\/12', null, null, null, null, null, null, 35], ['24\/12', null, null, null, null, null, null, 35], ['25\/12', null, null, null, null, null, null, 35], ['26\/12', null, null, null, null, null, null, 35], ['27\/12', null, null, null, null, null, null, 35], ['28\/12', null, null, null, null, null, null, 35], ['29\/12', null, null, null, null, null, null, 35], ['30\/12', null, null, null, null, null, null, 35]];\n\n\nvar names = datta[0].slice(1,);\nvar xvals = new  Array(datta.length-1);\nvar yvals = new Array(names.length);\n \nfor (let i = 1; i < datta.length; i++) {\n    xvals[i-1] = datta[i][0];\n}\nfor (let i = 0; i < names.length; i++) {\n    yvals[i] = new Array(xvals.length);\n    for (let j = 0; j < xvals.length; j++) {\n        yvals[i][j] = datta[j+1][i+1];\n    }\n}\n\nvar traces = new Array(names.length);\nvar ymax = 0;\nfor (let i = 0; i < names.length; i++) {\n    mymax = Math.max(...yvals[i]);\n    ymax = Math.max(ymax, mymax);\n\n    var this_trace = {\n        hovertemplate: \"%{y}<br>%{data.name}: %{x}<extra><\/extra>\",\n        x: xvals,\n        y: yvals[i],\n        type: 'line',\n        name: names[i],\n    }\n    if (names[i] == 'Gr\u00e4nsv\u00e4rde') {\n        this_trace.line = {\n            dash: 'dot',\n            color: 'rgb(0,0,0)',\n            width: 1.5\n        };\n    }\n\n    traces[i] = this_trace;\n}\n\nvar layout = {\n    title: {\n        text: '<b>Antal dygn med halter \u00f6ver 50 mikrogram per kubikmeter<\/b>',\n        size: 14\n    },\n    yaxis: {\n        range: [0, ymax+ymax\/10], \/\/ TODO fix range\n    },\n    xaxis: {\n        tickangle: 335,\n        tickmode: 'array',\n        tickvals: ['01\/01', '01\/02', '01\/03', '01\/04', '01\/05', '01\/06', '01\/07', '01\/08', '01\/09', '01\/10', '01\/11', '01\/12'],\n       \/\/ ticktext: ['1\/1', '1\/2', '1\/3', '1\/4', '1\/5', '1\/6', '1\/7', '1\/8', '1\/9', '1\/10', '1\/11', '1\/12'],\n        ticktext: ['jan', 'febr', 'mars', 'april', 'maj', 'juni', 'juli', 'aug', 'sept', 'okt', 'nov', 'dec'],\n        font: { size:10 },\n        title: {\n            font: {\n                size:  12\n            },\n            text: '<i><\/i>'\n        }\n    },\n    margin: {\n            l: 50,\n            r: 100,\n            t: 30,\n            b: 40\n    },\n    paper_bgcolor: \"rgb(241,241,241)\",\n    plot_bgcolor: \"rgb(241,241,241)\",\n    font: {\n        family: \"Arial\",\n        size: 12\n    }\n};\n\nvar mydiv = 'pm10d' + '_chart';\nPlotly.newPlot(mydiv, traces, layout, {displayModeBar: false, scrollZoom: false});\n\n\n pm10d_hideSeries.onclick = function() {\n    if(document.getElementById(\"pm10d_hideSeries\").value==\"off\") {\n        document.getElementById(\"pm10d_hideSeries\").innerHTML=\"Visa alla\";\n        document.getElementById(\"pm10d_hideSeries\").value=\"on\";\n        var update = {\n            visible:  'legendonly'\n        };\n    } else {\n        document.getElementById(\"pm10d_hideSeries\").innerHTML=\"D\u00f6lj alla\";\n        document.getElementById(\"pm10d_hideSeries\").value=\"off\";\n        var update = {\n            visible:  'true'\n        };\n    }\n    Plotly.restyle('pm10d'+'_chart', update);    \n}\n<\/script>\n\n\n<br \/>\n<script>jQuery(document).ready(function ($) {setTimeout(function() { $('#tab2').hide(); }, 300);});<\/script><\/p>\n","protected":false},"excerpt":{"rendered":"<p>Sollentuna I Sollentuna m\u00e4ts partiklar, PM10, vid E4 H\u00e4ggvik, Danderydsv\u00e4gen (Edsberg), Ekmans v\u00e4g 11 och Sollentunav\u00e4gen 192. Nedan visas grafer \u00f6ver uppm\u00e4tta dygnsmedelv\u00e4rden av partiklar, PM10, de senaste tv\u00e5 veckorna samt antal dygn halterna har varit h\u00f6gre \u00e4n normv\u00e4rdet hittills i \u00e5r. Som j\u00e4mf\u00f6relse visas \u00e4ven resultat fr\u00e5n m\u00e4tningar i Stockholm, dels urban bakgrundsmilj\u00f6 i [&hellip;]<\/p>\n","protected":false},"author":8,"featured_media":0,"parent":0,"menu_order":0,"comment_status":"closed","ping_status":"closed","template":"","meta":[],"_links":{"self":[{"href":"https:\/\/www.slb.nu\/slbanalys\/wp-json\/wp\/v2\/pages\/4934"}],"collection":[{"href":"https:\/\/www.slb.nu\/slbanalys\/wp-json\/wp\/v2\/pages"}],"about":[{"href":"https:\/\/www.slb.nu\/slbanalys\/wp-json\/wp\/v2\/types\/page"}],"author":[{"embeddable":true,"href":"https:\/\/www.slb.nu\/slbanalys\/wp-json\/wp\/v2\/users\/8"}],"replies":[{"embeddable":true,"href":"https:\/\/www.slb.nu\/slbanalys\/wp-json\/wp\/v2\/comments?post=4934"}],"version-history":[{"count":21,"href":"https:\/\/www.slb.nu\/slbanalys\/wp-json\/wp\/v2\/pages\/4934\/revisions"}],"predecessor-version":[{"id":6060,"href":"https:\/\/www.slb.nu\/slbanalys\/wp-json\/wp\/v2\/pages\/4934\/revisions\/6060"}],"wp:attachment":[{"href":"https:\/\/www.slb.nu\/slbanalys\/wp-json\/wp\/v2\/media?parent=4934"}],"curies":[{"name":"wp","href":"https:\/\/api.w.org\/{rel}","templated":true}]}}