{"id":4971,"date":"2021-09-10T12:43:43","date_gmt":"2021-09-10T10:43:43","guid":{"rendered":"https:\/\/www.slb.nu\/slbanalys\/?page_id=4971"},"modified":"2021-09-10T12:43:44","modified_gmt":"2021-09-10T10:43:44","slug":"ihorse","status":"publish","type":"page","link":"https:\/\/www.slb.nu\/slbanalys\/ihorse\/","title":{"rendered":"iHorse"},"content":{"rendered":"<div class='content-column two_third'><h2>iHorse<\/h2>\n<p>Stockholms stad har utvecklat ett nytt prognossystem f\u00f6r luftf\u00f6roreningar och pollen. Baserat p\u00e5 detta ber\u00e4knas ett luftkvalitetsh\u00e4lsoindex (AQHI) f\u00f6r att informera befolkningen om de h\u00e4lsorisker som \u00e4r f\u00f6rknippade med utomhusaktiviteter de n\u00e4rmaste dagarna. AQHI f\u00e5ngar upp de kombinerade effekterna i samband med exponering f\u00f6r f\u00f6roreningar (NOx, O3 och PM10) och bj\u00f6rkpollen. AQHI presenteras i en mobilapp och via webben och finns tillg\u00e4nglig fr\u00e5n 2021. Samma system kommer ocks\u00e5 att anv\u00e4ndas av Trafikverket f\u00f6r att f\u00f6ruts\u00e4ga p\u00e5verkan p\u00e5 luftf\u00f6roreningskoncentrationer av variabel hastighetskontroll p\u00e5 E4\/E20 .<br \/>\nM\u00e5let med iHorse \u00e4r att \u00f6ka noggrannheten i luftf\u00f6rorenings- och h\u00e4lsoriskprognoserna. Det nuvarande systemet bygger p\u00e5 deterministisk meteorologisk spridningsmodellering f\u00f6r att f\u00f6ruts\u00e4ga effekterna av utsl\u00e4pp p\u00e5 koncentrationer. En av de viktigaste os\u00e4kerheterna \u00e4r att f\u00f6rutse utsl\u00e4pp fr\u00e5n v\u00e4gtrafik. V\u00e4gtrafik \u00e4r en dominerande k\u00e4lla till luftf\u00f6roreningar i stadsmilj\u00f6. Dynamisk datadriven trafikinformation har tidigare huvudsakligen anv\u00e4nts f\u00f6r att uppskatta effekterna p\u00e5 utsl\u00e4ppen, men inte anv\u00e4nts i stor utstr\u00e4ckning f\u00f6r att f\u00f6ruts\u00e4ga koncentrationer av luftf\u00f6roreningar och tillh\u00f6rande h\u00e4lsoriskp\u00e5verkan. Den snabba \u00f6kningen av trafik- och transportdata ger en m\u00f6jlighet att prognostisera den tidsm\u00e4ssiga och rumsliga trafikf\u00f6rdelningen p\u00e5 v\u00e4gn\u00e4tet, som kan anv\u00e4ndas som input i luftkvalitetsdispersionsmodellering f\u00f6r att \u00f6ka f\u00f6ruts\u00e4gelsens noggrannhet.<br \/>\nDetta projekt kommer f\u00f6rst att f\u00f6ruts\u00e4ga den spatiotemporala distributionen av trafikinducerade utsl\u00e4pp. Dessutom kommer en ny, innovativ datadriven modell f\u00f6r djupinl\u00e4rning att utvecklas och integreras med processerna f\u00f6r luftf\u00f6roreningar och trafikmodellering.<br \/>\nM\u00e5let \u00e4r att detta projekt ska f\u00f6rb\u00e4ttra b\u00e5de prognosen f\u00f6r luftf\u00f6roreningar, pollen och AQHI f\u00f6r hela Storstockholmsomr\u00e5det och f\u00f6r att f\u00f6ruts\u00e4ga effekterna p\u00e5 luftf\u00f6roreningskoncentrationer l\u00e4ngs E4 och E20, som ing\u00e5r i det variabla hastighetssystemet.<br \/>\nProjektet \u00e4r ett tv\u00e4rvetenskapligt samarbete mellan Stockholms universitet, KTH, Trafikverket och SLB -analys vid Milj\u00f6f\u00f6rvaltningen i Stockholm. De f\u00f6rv\u00e4ntade f\u00f6rb\u00e4ttringarna av prognoserna kommer att valideras baserat p\u00e5 att j\u00e4mf\u00f6ra det gamla och nya modelleringssystemet samt att j\u00e4mf\u00f6ra med m\u00e4tningar av omgivande luftf\u00f6roreningar gjorda av SLB-analys.<br \/><\/div>\n<div class='content-column one_third last_column'><div style=\"padding-left:20px;\"><h2>P\u00e5g\u00e5ende projekt:<\/h2>\n<p><strong>\u00c5tg\u00e4rder, emissioner:<\/strong><br \/>\n<div class=\"menu-forskning_atgarder-container\"><ul id=\"short_menu_69ef569e2e871\" class=\"shortcode_menu  wpsm-menu wpsm-vertical menu_enhance  \"><li id=\"menu-item-3512\" class=\"menu-item menu-item-type-post_type menu-item-object-page menu-item-3512\"><a href=\"https:\/\/www.slb.nu\/slbanalys\/forskning\/clarity\/\">CLARITY<\/a><\/li>\n<li id=\"menu-item-4369\" class=\"menu-item menu-item-type-post_type menu-item-object-page menu-item-4369\"><a href=\"https:\/\/www.slb.nu\/slbanalys\/forskning\/nordust-ii\/\">Nordust II<\/a><\/li>\n<li id=\"menu-item-4562\" class=\"menu-item menu-item-type-post_type menu-item-object-page menu-item-4562\"><a href=\"https:\/\/www.slb.nu\/slbanalys\/bullerskarmar-som-atgard-mot-hoga-halter-av-luftfororeningar\/\">Bullersk\u00e4rmar som \u00e5tg\u00e4rd mot h\u00f6ga halter av luftf\u00f6roreningar<\/a><\/li>\n<li id=\"menu-item-4976\" class=\"menu-item menu-item-type-post_type menu-item-object-page menu-item-4976\"><a href=\"https:\/\/www.slb.nu\/slbanalys\/covid-19\/\">COVID-19<\/a><\/li>\n<li id=\"menu-item-4977\" class=\"menu-item menu-item-type-post_type menu-item-object-page menu-item-4977\"><a href=\"https:\/\/www.slb.nu\/slbanalys\/ihorse\/\">iHorse<\/a><\/li>\n<\/ul><\/div><div class=\"clear\"><\/div>\n\t\t\t<style>\n\t\t\t\t#short_menu_69ef569e2e871 {  }\n\t\t\t\t#short_menu_69ef569e2e871 ul.wpsm-arrow-enabled:before { color:rgba(0,0,0,0.8); } \n\t\t\t\t#short_menu_69ef569e2e871 ul, #short_menu_69ef569e2e871 ul ul { background: rgba(0,0,0,0.8); }\n\t\t\t\t#short_menu_69ef569e2e871 a {  }\n\t\t\t\t#short_menu_69ef569e2e871 a:hover {  }\n\t\t\t\t#short_menu_69ef569e2e871 ul a { color:#e0e0e0;  }\n\t\t\t\t#short_menu_69ef569e2e871 ul a:hover { color:#ffffff;  }\n\t\t\t\t\n\t\t\t<\/style>\n\t\t\t<script type=\"text\/javascript\">\n\t\t\t\tvar show_arrow = \"true\";var $sm = jQuery.noConflict();\n\t\t\t\t\tjQuery(function ($) {\n\t\t\t\t\t\t$(\"#short_menu_69ef569e2e871\").tinyNav();\n\t\t\t\t\t\t$(\"#short_menu_69ef569e2e871\").next().addClass(\"shortcode-menu-mobile\");\n\t\t\t\t\t\t\n\t\t\t\t\t\tshortcode_menu_responsive();\n\t\t\t\t\t});\n\t\t\t\t\tjQuery(window).resize(function($){\n\t\t\t\t\t\tshortcode_menu_responsive();\n\t\t\t\t\t});\n\t\t\t\t\tfunction shortcode_menu_responsive()\n\t\t\t\t\t{\n\t\t\t\t\t\tvar window_width = $sm(window).width();\n\t\t\t\t\t\tif(window_width <= 650)\n\t\t\t\t\t\t{\n\t\t\t\t\t\t\t$sm(\"#short_menu_69ef569e2e871\").hide();\n\t\t\t\t\t\t\t$sm(\"#short_menu_69ef569e2e871\").next().show();\n\t\t\t\t\t\t}\n\t\t\t\t\t\telse\n\t\t\t\t\t\t{\n\t\t\t\t\t\t\t$sm(\"#short_menu_69ef569e2e871\").show();\n\t\t\t\t\t\t\t$sm(\"#short_menu_69ef569e2e871\").next().hide();\n\t\t\t\t\t\t}\n\t\t\t\t\t}<\/script><\/p>\n<p><strong>Exponering och h\u00e4lsa:<\/strong><br \/>\n<div class=\"menu-forskning_exponering-container\"><ul id=\"short_menu_69ef569e2fe89\" class=\"shortcode_menu  wpsm-menu wpsm-vertical menu_enhance  \"><li id=\"menu-item-4931\" class=\"menu-item menu-item-type-post_type menu-item-object-page menu-item-4931\"><a href=\"https:\/\/www.slb.nu\/slbanalys\/npets-nano-particle-emissions-from-the-transport-sector\/\">nPETS \u2013 nano Particle Emissions from the Transport Sector<\/a><\/li>\n<li id=\"menu-item-2088\" class=\"menu-item menu-item-type-post_type menu-item-object-page menu-item-2088\"><a href=\"https:\/\/www.slb.nu\/slbanalys\/forskning\/emil\/\">EMIL<\/a><\/li>\n<li id=\"menu-item-2087\" class=\"menu-item menu-item-type-post_type menu-item-object-page menu-item-2087\"><a href=\"https:\/\/www.slb.nu\/slbanalys\/forskning\/bamse\/\">BAMSE<\/a><\/li>\n<li id=\"menu-item-2933\" class=\"menu-item menu-item-type-post_type menu-item-object-page menu-item-2933\"><a href=\"https:\/\/www.slb.nu\/slbanalys\/forskning\/boendes-exponering\/\">Boendes exponering<\/a><\/li>\n<li id=\"menu-item-3504\" class=\"menu-item menu-item-type-post_type menu-item-object-page menu-item-3504\"><a href=\"https:\/\/www.slb.nu\/slbanalys\/forskning\/smurbs\/\">SMURBS<\/a><\/li>\n<li id=\"menu-item-4370\" class=\"menu-item menu-item-type-post_type menu-item-object-page menu-item-4370\"><a href=\"https:\/\/www.slb.nu\/slbanalys\/forskning\/scapis-2\/\">SCAPIS<\/a><\/li>\n<li id=\"menu-item-4373\" class=\"menu-item menu-item-type-post_type menu-item-object-page menu-item-4373\"><a href=\"https:\/\/www.slb.nu\/slbanalys\/forskning\/screening-av-halsofarliga-amnen\/\">Screening av h\u00e4lsofarliga \u00e4mnen<\/a><\/li>\n<li id=\"menu-item-4561\" class=\"menu-item menu-item-type-post_type menu-item-object-page menu-item-4561\"><a href=\"https:\/\/www.slb.nu\/slbanalys\/battre-metoder-att-beskriva-halsovinster-av-minskad-luftfororeningsexponering-fran-vagtrafik-2\/\">B\u00e4ttre metoder att beskriva h\u00e4lsovinster av minskad luftf\u00f6roreningsexponering fr\u00e5n v\u00e4gtrafik<\/a><\/li>\n<\/ul><\/div><div class=\"clear\"><\/div>\n\t\t\t<style>\n\t\t\t\t#short_menu_69ef569e2fe89 {  }\n\t\t\t\t#short_menu_69ef569e2fe89 ul.wpsm-arrow-enabled:before { color:rgba(0,0,0,0.8); } \n\t\t\t\t#short_menu_69ef569e2fe89 ul, #short_menu_69ef569e2fe89 ul ul { background: rgba(0,0,0,0.8); }\n\t\t\t\t#short_menu_69ef569e2fe89 a {  }\n\t\t\t\t#short_menu_69ef569e2fe89 a:hover {  }\n\t\t\t\t#short_menu_69ef569e2fe89 ul a { color:#e0e0e0;  }\n\t\t\t\t#short_menu_69ef569e2fe89 ul a:hover { color:#ffffff;  }\n\t\t\t\t\n\t\t\t<\/style>\n\t\t\t<script type=\"text\/javascript\">\n\t\t\t\tvar show_arrow = \"true\";<\/script><br \/><\/div><\/div><div class='clear_column'><\/div>\n","protected":false},"excerpt":{"rendered":"","protected":false},"author":8,"featured_media":0,"parent":0,"menu_order":0,"comment_status":"closed","ping_status":"closed","template":"page-templates\/full-width.php","meta":[],"_links":{"self":[{"href":"https:\/\/www.slb.nu\/slbanalys\/wp-json\/wp\/v2\/pages\/4971"}],"collection":[{"href":"https:\/\/www.slb.nu\/slbanalys\/wp-json\/wp\/v2\/pages"}],"about":[{"href":"https:\/\/www.slb.nu\/slbanalys\/wp-json\/wp\/v2\/types\/page"}],"author":[{"embeddable":true,"href":"https:\/\/www.slb.nu\/slbanalys\/wp-json\/wp\/v2\/users\/8"}],"replies":[{"embeddable":true,"href":"https:\/\/www.slb.nu\/slbanalys\/wp-json\/wp\/v2\/comments?post=4971"}],"version-history":[{"count":1,"href":"https:\/\/www.slb.nu\/slbanalys\/wp-json\/wp\/v2\/pages\/4971\/revisions"}],"predecessor-version":[{"id":4972,"href":"https:\/\/www.slb.nu\/slbanalys\/wp-json\/wp\/v2\/pages\/4971\/revisions\/4972"}],"wp:attachment":[{"href":"https:\/\/www.slb.nu\/slbanalys\/wp-json\/wp\/v2\/media?parent=4971"}],"curies":[{"name":"wp","href":"https:\/\/api.w.org\/{rel}","templated":true}]}}