{"id":6043,"date":"2025-02-05T09:17:17","date_gmt":"2025-02-05T08:17:17","guid":{"rendered":"https:\/\/www.slb.nu\/slbanalys\/?page_id=6043"},"modified":"2025-09-01T19:42:18","modified_gmt":"2025-09-01T17:42:18","slug":"historisk-data-kommunvis-timme","status":"publish","type":"page","link":"https:\/\/www.slb.nu\/slbanalys\/historisk-data-kommunvis-timme\/","title":{"rendered":"Historisk data"},"content":{"rendered":"<p><script src=\"\/slbanalys\/js\/plotly-2.35.2.min.js\"><\/script><br \/>\n<title>Data historiskt interaktivt<\/title><br \/>\nH\u00e4r kan man titta p\u00e5 och ladda ned data f\u00f6r de m\u00e4tningar SLB-analys g\u00f6r f\u00f6r kommuner inom luftv\u00e5rdsf\u00f6rbundet.<br \/>\nF\u00f6r m\u00e4tdata som inte \u00e5terfinns p\u00e5 slbs sida s\u00e5 h\u00e4nvisar vi till Naturv\u00e5rdsverkets datav\u00e4rd. Deras sida f\u00f6r luftkvalitet<br \/>\nn\u00e5s via l\u00e4nken <a href=\"https:\/\/datavardluft.smhi.se\/portal\/concentrations-in-air\">datav\u00e4rdskap luft<\/a>.<br \/>\nDet g\u00e5r bara att ladda ned validerad data. I praktiken fr\u00e5n f\u00f6rra \u00e5rsskiftet och bak\u00e5t. \u00c5rets data \u00e4r att betrakta som<br \/>\nprelimin\u00e4r. <em>Nedladdning av timmesdata kommer inom kort.<\/em><\/p>\n<div style=\"float: left; width:100%; margin: 10px\">\n    <label for=\"kommunpicker\">Vald kommun<\/label><select style=\"margin: 4px\" name=\"kommun\" id=\"kommunpicker\"><br \/>\n<\/select><br \/>\n<label for=\"timerespicker\">Vald tidsuppl\u00f6sning<\/label><select style=\"margin: 4px\" name=\"timeres\" id=\"timerespicker\"><option value=\"day\">Dygnsmedelv\u00e4rden<\/option><option value=\"hour\">Timmesuppl\u00f6sing<\/option><\/select><br \/>\n<label for=\"start\">Startdatum:<\/label><input style=\"margin: 4px\" type=\"date\" id=\"start\" name=\"startdatum f\u00f6r graf\" value=\"2024-07-01\" min=\"2018-01-01\" max=\"2024-12-31\"><label for=\"stop\">slutdatum:<\/label><input style=\"margin: 4px\" type=\"date\" id=\"stop\" name=\"slutdatum f\u00f6r graf\" value=\"2025-01-20\" min=\"2018-01-01\" max=\"2025-02-01\"><\/div>\n<div id=\"graph_area\"><\/div>\n<div id=\"download_area\" style=\"float: left\"><label for=\"startD\">Startdatum f\u00f6r nedladdning:<\/label><input style=\"margin: 4px\" type=\"date\" id=\"startD\" name=\"startdatum f\u00f6r nedladdning\" value=\"2023-01-01\" min=\"2012-01-01\" max=\"2023-12-31\"><label for=\"stopD\">slutdatum f\u00f6r nedladdning:<\/label><input style=\"margin: 4px\" type=\"date\" id=\"stopD\" name=\"slutdatum f\u00f6r nedladdning\" value=\"2024-12-31\" min=\"2012-01-01\" max=\"2024-12-31\"><br \/>\n<a href=\"\" id=\"leech\" download=\"\"><button style=\"margin: 4px\" id=\"leechbtn\">Ladda hem dygnsdata<\/button><\/a><a href=\"\" id=\"leechH\" download=\"\"><button style=\"margin: 4px\" id=\"leechHbtn\">Ladda hem timmesdata<\/button><\/a><\/div>\n<p><script src=\"\/slbanalys\/js\/interactive-timme.js\"><\/script><\/p>\n","protected":false},"excerpt":{"rendered":"<p>Data historiskt interaktivt H\u00e4r kan man titta p\u00e5 och ladda ned data f\u00f6r de m\u00e4tningar SLB-analys g\u00f6r f\u00f6r kommuner inom luftv\u00e5rdsf\u00f6rbundet. F\u00f6r m\u00e4tdata som inte \u00e5terfinns p\u00e5 slbs sida s\u00e5 h\u00e4nvisar vi till Naturv\u00e5rdsverkets datav\u00e4rd. Deras sida f\u00f6r luftkvalitet n\u00e5s via l\u00e4nken datav\u00e4rdskap luft. Det g\u00e5r bara att ladda ned validerad data. I praktiken fr\u00e5n [&hellip;]<\/p>\n","protected":false},"author":8,"featured_media":0,"parent":0,"menu_order":0,"comment_status":"closed","ping_status":"closed","template":"","meta":[],"_links":{"self":[{"href":"https:\/\/www.slb.nu\/slbanalys\/wp-json\/wp\/v2\/pages\/6043"}],"collection":[{"href":"https:\/\/www.slb.nu\/slbanalys\/wp-json\/wp\/v2\/pages"}],"about":[{"href":"https:\/\/www.slb.nu\/slbanalys\/wp-json\/wp\/v2\/types\/page"}],"author":[{"embeddable":true,"href":"https:\/\/www.slb.nu\/slbanalys\/wp-json\/wp\/v2\/users\/8"}],"replies":[{"embeddable":true,"href":"https:\/\/www.slb.nu\/slbanalys\/wp-json\/wp\/v2\/comments?post=6043"}],"version-history":[{"count":3,"href":"https:\/\/www.slb.nu\/slbanalys\/wp-json\/wp\/v2\/pages\/6043\/revisions"}],"predecessor-version":[{"id":6118,"href":"https:\/\/www.slb.nu\/slbanalys\/wp-json\/wp\/v2\/pages\/6043\/revisions\/6118"}],"wp:attachment":[{"href":"https:\/\/www.slb.nu\/slbanalys\/wp-json\/wp\/v2\/media?parent=6043"}],"curies":[{"name":"wp","href":"https:\/\/api.w.org\/{rel}","templated":true}]}}