{"id":6376,"date":"2026-03-10T14:19:51","date_gmt":"2026-03-10T13:19:51","guid":{"rendered":"https:\/\/www.slb.nu\/slbanalys\/?page_id=6376"},"modified":"2026-03-10T15:41:35","modified_gmt":"2026-03-10T14:41:35","slug":"nyhetsarkiv","status":"publish","type":"page","link":"https:\/\/www.slb.nu\/slbanalys\/nyhetsarkiv\/","title":{"rendered":"Nyhetsarkiv"},"content":{"rendered":"<ul class=\"wp-block-latest-posts wp-block-latest-posts__list has-dates\"><li><a href=\"https:\/\/www.slb.nu\/slbanalys\/luftkvalitetskartlaggning-stockholms-och-uppsala-lan-ar-2025\/\">Ny luftkvalitetskartl\u00e4ggning i Stockholms och Uppsala l\u00e4n<\/a><time datetime=\"2026-03-04T10:42:48+01:00\" class=\"wp-block-latest-posts__post-date\">2026-03-04<\/time><\/li>\n<li><a href=\"https:\/\/www.slb.nu\/slbanalys\/behovet-av-en-ny-kontinuerlig-matstation-i-ytterstaden-utreds\/\">Behovet av en fast m\u00e4tstation i ytterstaden utreds<\/a><time datetime=\"2026-02-13T15:46:10+01:00\" class=\"wp-block-latest-posts__post-date\">2026-02-13<\/time><\/li>\n<li><a href=\"https:\/\/www.slb.nu\/slbanalys\/var-5e-fordon-helt-elektriskt-pa-hornsgatan\/\">Var femte fordon helt elektriskt p\u00e5 Hornsgatan<\/a><time datetime=\"2025-10-22T09:55:19+02:00\" class=\"wp-block-latest-posts__post-date\">2025-10-22<\/time><\/li>\n<li><a href=\"https:\/\/www.slb.nu\/slbanalys\/matresultat-2024-inom-luftvardsforbundet\/\">M\u00e4tresultat 2024 inom Luftv\u00e5rdsf\u00f6rbundet<\/a><time datetime=\"2025-04-29T10:34:28+02:00\" class=\"wp-block-latest-posts__post-date\">2025-04-29<\/time><\/li>\n<li><a href=\"https:\/\/www.slb.nu\/slbanalys\/luften-i-stockholm-ar-2024\/\">Luften i Stockholm \u00e5r 2024<\/a><time datetime=\"2025-04-11T08:52:01+02:00\" class=\"wp-block-latest-posts__post-date\">2025-04-11<\/time><\/li>\n<li><a href=\"https:\/\/www.slb.nu\/slbanalys\/korrigerade-halter-gotland\/\">Korrigerade PM10-halter p\u00e5 Gotland<\/a><time datetime=\"2025-03-26T09:48:48+01:00\" class=\"wp-block-latest-posts__post-date\">2025-03-26<\/time><\/li>\n<li><a href=\"https:\/\/www.slb.nu\/slbanalys\/__trashed\/\">Ny m\u00e4tstation i milj\u00f6zonen<\/a><time datetime=\"2024-11-28T14:07:58+01:00\" class=\"wp-block-latest-posts__post-date\">2024-11-28<\/time><\/li>\n<li><a href=\"https:\/\/www.slb.nu\/slbanalys\/olagligt-hoga-kolmonoxidhalter-pa-sveavagen\/\">H\u00f6ga kolmonoxidhalter p\u00e5 Sveav\u00e4gen<\/a><time datetime=\"2024-08-21T16:47:55+02:00\" class=\"wp-block-latest-posts__post-date\">2024-08-21<\/time><\/li>\n<li><a href=\"https:\/\/www.slb.nu\/slbanalys\/luften-i-stockholm-ar-2023\/\">Luften i Stockholm \u00e5r 2023<\/a><time datetime=\"2024-04-10T09:12:08+02:00\" class=\"wp-block-latest-posts__post-date\">2024-04-10<\/time><\/li>\n<li><a href=\"https:\/\/www.slb.nu\/slbanalys\/matresultat-for-ar-2023-klart\/\">M\u00e4tresultat f\u00f6r \u00e5r 2023 klart<\/a><time datetime=\"2024-04-08T14:30:40+02:00\" class=\"wp-block-latest-posts__post-date\">2024-04-08<\/time><\/li>\n<li><a href=\"https:\/\/www.slb.nu\/slbanalys\/renare-luft-har-raddat-tusentals-liv\/\">Renare luft har r\u00e4ddat tusentals liv<\/a><time datetime=\"2024-03-27T13:10:31+01:00\" class=\"wp-block-latest-posts__post-date\">2024-03-27<\/time><\/li>\n<li><a href=\"https:\/\/www.slb.nu\/slbanalys\/utokade-matningar-i-visby\/\">Ut\u00f6kade partikelm\u00e4tningar i Visby<\/a><time datetime=\"2024-02-02T14:13:10+01:00\" class=\"wp-block-latest-posts__post-date\">2024-02-02<\/time><\/li>\n<li><a href=\"https:\/\/www.slb.nu\/slbanalys\/miljozon-klass-3-i-city-utvarderad\/\">Milj\u00f6zon klass 3 i city utv\u00e4rderad<\/a><time datetime=\"2023-12-05T20:03:04+01:00\" class=\"wp-block-latest-posts__post-date\">2023-12-05<\/time><\/li>\n<li><a href=\"https:\/\/www.slb.nu\/slbanalys\/skolmatningar-startade-vid-vaksalaskolan-i-uppsala\/\">M\u00e4tningar vid Vaksalaskolan i Uppsala<\/a><time datetime=\"2023-11-17T08:29:26+01:00\" class=\"wp-block-latest-posts__post-date\">2023-11-17<\/time><\/li>\n<li><a href=\"https:\/\/www.slb.nu\/slbanalys\/overskridande-av-norm-for-kolmonoxid\/\">\u00d6verskridande av normen f\u00f6r kolmonoxid<\/a><time datetime=\"2023-08-23T15:45:47+02:00\" class=\"wp-block-latest-posts__post-date\">2023-08-23<\/time><\/li>\n<li><a href=\"https:\/\/www.slb.nu\/slbanalys\/hornsgatans-miljozoner-utvarderade\/\">Hornsgatans milj\u00f6zoner utv\u00e4rderade<\/a><time datetime=\"2023-06-14T15:17:07+02:00\" class=\"wp-block-latest-posts__post-date\">2023-06-14<\/time><\/li>\n<li><a href=\"https:\/\/www.slb.nu\/slbanalys\/sammanfattning-av-matresultat-2022\/\">Sammanst\u00e4llning av m\u00e4tresultat 2022<\/a><time datetime=\"2023-05-25T09:54:09+02:00\" class=\"wp-block-latest-posts__post-date\">2023-05-25<\/time><\/li>\n<li><a href=\"https:\/\/www.slb.nu\/slbanalys\/luften-i-stockholm-ar-2022\/\">Luften i Stockholm \u00e5r 2022<\/a><time datetime=\"2023-04-21T16:11:08+02:00\" class=\"wp-block-latest-posts__post-date\">2023-04-21<\/time><\/li>\n<li><a href=\"https:\/\/www.slb.nu\/slbanalys\/luftkvalitetsmatningar-startade-i-botkyrka-kommun\/\">Luftkvalitetsm\u00e4tningar i Botkyrka kommun<\/a><time datetime=\"2023-02-27T08:32:34+01:00\" class=\"wp-block-latest-posts__post-date\">2023-02-27<\/time><\/li>\n<li><a href=\"https:\/\/www.slb.nu\/slbanalys\/barns-lungkapacitet-battre-enligt-ny-studie\/\">Barns lungkapacitet b\u00e4ttre enligt ny studie<\/a><time datetime=\"2023-02-22T14:05:59+01:00\" class=\"wp-block-latest-posts__post-date\">2023-02-22<\/time><\/li>\n<li><a href=\"https:\/\/www.slb.nu\/slbanalys\/projektet-aktiv-trafikstyrning-for-forbattrad-luftkvalitet-och-minskad-klimatpaverkan-utmed-statligt-vagnat-avslutat\/\">Projektet &#8220;Aktiv trafikstyrning f\u00f6r f\u00f6rb\u00e4ttrad luftkvalitet&#8221; avslutat<\/a><time datetime=\"2023-01-20T14:54:53+01:00\" class=\"wp-block-latest-posts__post-date\">2023-01-20<\/time><\/li>\n<li><a href=\"https:\/\/www.slb.nu\/slbanalys\/forskningsprojekt-avslutat-och-sammanstallt-i-ny-rapport\/\">Forskningsprojekt avslutat och sammanst\u00e4llt i ny rapport<\/a><time datetime=\"2022-11-23T22:23:40+01:00\" class=\"wp-block-latest-posts__post-date\">2022-11-23<\/time><\/li>\n<li><a href=\"https:\/\/www.slb.nu\/slbanalys\/kontroll-av-luftkvaliteten-pa-skolgardar\/\">Kontroll av luftkvaliteten p\u00e5 skolg\u00e5rdar<\/a><time datetime=\"2022-11-23T10:50:47+01:00\" class=\"wp-block-latest-posts__post-date\">2022-11-23<\/time><\/li>\n<li><a href=\"https:\/\/www.slb.nu\/slbanalys\/stadens-luftkvalitet-i-fokus-i-media\/\">Stadens luftkvalitet i fokus i media<\/a><time datetime=\"2022-11-17T15:25:43+01:00\" class=\"wp-block-latest-posts__post-date\">2022-11-17<\/time><\/li>\n<li><a href=\"https:\/\/www.slb.nu\/slbanalys\/matningar-av-vedeldningsrok-i-omgivningsluften\/\">M\u00e4tningar av vedeldningsr\u00f6k i omgivningsluften<\/a><time datetime=\"2022-11-08T12:17:06+01:00\" class=\"wp-block-latest-posts__post-date\">2022-11-08<\/time><\/li>\n<li><a href=\"https:\/\/www.slb.nu\/slbanalys\/halter-och-atgarder-vid-skolor-i-gavle\/\">Halter och \u00e5tg\u00e4rder vid skolor i G\u00e4vle<\/a><time datetime=\"2022-08-22T16:16:12+02:00\" class=\"wp-block-latest-posts__post-date\">2022-08-22<\/time><\/li>\n<li><a href=\"https:\/\/www.slb.nu\/slbanalys\/problembeskrivning-infor-atgardsprogram\/\">Problembeskrivning inf\u00f6r \u00e5tg\u00e4rdsprogram<\/a><time datetime=\"2022-06-27T13:06:39+02:00\" class=\"wp-block-latest-posts__post-date\">2022-06-27<\/time><\/li>\n<li><a href=\"https:\/\/www.slb.nu\/slbanalys\/uppdaterad-version-av-matplatsrapporten\/\">Uppdaterad m\u00e4tplatsrapport<\/a><time datetime=\"2022-04-26T14:15:28+02:00\" class=\"wp-block-latest-posts__post-date\">2022-04-26<\/time><\/li>\n<li><a href=\"https:\/\/www.slb.nu\/slbanalys\/luften-i-stockholm-2021\/\">Luften i Stockholm 2021<\/a><time datetime=\"2022-04-26T11:08:13+02:00\" class=\"wp-block-latest-posts__post-date\">2022-04-26<\/time><\/li>\n<li><a href=\"https:\/\/www.slb.nu\/slbanalys\/luftvardsforbundets-matningar-2021\/\">Sammanfattning m\u00e4tresultat 2021<\/a><time datetime=\"2022-04-26T11:06:51+02:00\" class=\"wp-block-latest-posts__post-date\">2022-04-26<\/time><\/li>\n<li><a href=\"https:\/\/www.slb.nu\/slbanalys\/artikel-om-luftovervakning-i-ny-juridik\/\">L\u00e4s om luft\u00f6vervakning i Ny Juridik<\/a><time datetime=\"2022-04-20T15:04:44+02:00\" class=\"wp-block-latest-posts__post-date\">2022-04-20<\/time><\/li>\n<li><a href=\"https:\/\/www.slb.nu\/slbanalys\/uppdaterat-program-for-samordnad-kontroll-inom-oslvf\/\">Uppdaterat program f\u00f6r samordnad kontroll<\/a><time datetime=\"2022-04-04T13:33:53+02:00\" class=\"wp-block-latest-posts__post-date\">2022-04-04<\/time><\/li>\n<li><a href=\"https:\/\/www.slb.nu\/slbanalys\/matstation-etablerad-i-gavle\/\">M\u00e4tstation etablerad i G\u00e4vle<\/a><time datetime=\"2021-12-17T16:28:01+01:00\" class=\"wp-block-latest-posts__post-date\">2021-12-17<\/time><\/li>\n<li><a href=\"https:\/\/www.slb.nu\/slbanalys\/luften-i-stockholm-2020\/\">Luften i Stockholm 2020<\/a><time datetime=\"2021-05-25T17:06:54+02:00\" class=\"wp-block-latest-posts__post-date\">2021-05-25<\/time><\/li>\n<li><a href=\"https:\/\/www.slb.nu\/slbanalys\/nya-matningar-pa-gotland\/\">Nya m\u00e4tningar p\u00e5 Gotland<\/a><time datetime=\"2021-03-29T10:00:20+02:00\" class=\"wp-block-latest-posts__post-date\">2021-03-29<\/time><\/li>\n<li><a href=\"https:\/\/www.slb.nu\/slbanalys\/hornsgatans-nya-miljozon-utvarderad\/\">Hornsgatans milj\u00f6zon utv\u00e4rderad<\/a><time datetime=\"2021-03-18T09:41:57+01:00\" class=\"wp-block-latest-posts__post-date\">2021-03-18<\/time><\/li>\n<li><a href=\"https:\/\/www.slb.nu\/slbanalys\/nya-haltkartor-for-ar-2020\/\">Nya haltkartor f\u00f6r \u00e5r 2020<\/a><time datetime=\"2021-02-17T08:31:24+01:00\" class=\"wp-block-latest-posts__post-date\">2021-02-17<\/time><\/li>\n<li><a href=\"https:\/\/www.slb.nu\/slbanalys\/luftvardsforbundet-utokas\/\">Luftv\u00e5rdsf\u00f6rbundet ut\u00f6kas<\/a><time datetime=\"2020-12-01T20:27:07+01:00\" class=\"wp-block-latest-posts__post-date\">2020-12-01<\/time><\/li>\n<li><a href=\"https:\/\/www.slb.nu\/slbanalys\/hoga-partikelhalter-pa-grund-av-sandmoln\/\">H\u00f6ga partikelhalter p\u00e5 grund av sandmoln<\/a><time datetime=\"2020-10-02T14:08:13+02:00\" class=\"wp-block-latest-posts__post-date\">2020-10-02<\/time><\/li>\n<li><a href=\"https:\/\/www.slb.nu\/slbanalys\/utredning-om-kungsgatans-hoga-no2-halter\/\">Utredning om Kungsgatans h\u00f6ga NO2-halter<\/a><time datetime=\"2020-05-18T10:43:51+02:00\" class=\"wp-block-latest-posts__post-date\">2020-05-18<\/time><\/li>\n<li><a href=\"https:\/\/www.slb.nu\/slbanalys\/luften-i-stockholm-2019\/\">Luften i Stockholm 2019<\/a><time datetime=\"2020-04-22T08:52:52+02:00\" class=\"wp-block-latest-posts__post-date\">2020-04-22<\/time><\/li>\n<li><a href=\"https:\/\/www.slb.nu\/slbanalys\/luftvardsforbundets-arsrapport-2019\/\">Luftv\u00e5rdsf\u00f6rbundets \u00e5rsrapport 2019<\/a><time datetime=\"2020-04-21T08:48:49+02:00\" class=\"wp-block-latest-posts__post-date\">2020-04-21<\/time><\/li>\n<li><a href=\"https:\/\/www.slb.nu\/slbanalys\/coronavirusets-effekt-pa-luftkvaliteten\/\">Coronavirusets effekt p\u00e5 luftkvaliteten<\/a><time datetime=\"2020-03-24T12:28:26+01:00\" class=\"wp-block-latest-posts__post-date\">2020-03-24<\/time><\/li>\n<li><a href=\"https:\/\/www.slb.nu\/slbanalys\/sveavagens-bullermatning-igang\/\">Sveav\u00e4gens bullerm\u00e4tning ig\u00e5ng<\/a><time datetime=\"2019-06-17T10:41:00+02:00\" class=\"wp-block-latest-posts__post-date\">2019-06-17<\/time><\/li>\n<li><a href=\"https:\/\/www.slb.nu\/slbanalys\/luften-i-uppsala-sodertalje-sollentuna-gavle-och-botkyrka\/\">Luften i Uppsala, S\u00f6dert\u00e4lje, Sollentuna, G\u00e4vle och Botkyrka<\/a><time datetime=\"2019-05-29T12:30:23+02:00\" class=\"wp-block-latest-posts__post-date\">2019-05-29<\/time><\/li>\n<li><a href=\"https:\/\/www.slb.nu\/slbanalys\/luften-i-stockholm-2018\/\">Luften i Stockholm 2018<\/a><time datetime=\"2019-05-20T12:26:55+02:00\" class=\"wp-block-latest-posts__post-date\">2019-05-20<\/time><\/li>\n<li><a href=\"https:\/\/www.slb.nu\/slbanalys\/bakgrundsmatningar-i-eskilstuna\/\">Bakgrundsm\u00e4tningar i Eskilstuna<\/a><time datetime=\"2019-05-13T10:29:14+02:00\" class=\"wp-block-latest-posts__post-date\">2019-05-13<\/time><\/li>\n<li><a href=\"https:\/\/www.slb.nu\/slbanalys\/fordonsmatningar-pa-hornsgatan-utvarderade\/\">Fordonsm\u00e4tningar p\u00e5 Hornsgatan utv\u00e4rderade<\/a><time datetime=\"2019-03-26T17:06:55+01:00\" class=\"wp-block-latest-posts__post-date\">2019-03-26<\/time><\/li>\n<li><a href=\"https:\/\/www.slb.nu\/slbanalys\/ny-rapport-om-essingeledens-halter\/\">Ny rapport om Essingeledens halter<\/a><time datetime=\"2019-03-19T13:08:51+01:00\" class=\"wp-block-latest-posts__post-date\">2019-03-19<\/time><\/li>\n<\/ul>","protected":false},"excerpt":{"rendered":"","protected":false},"author":13,"featured_media":0,"parent":0,"menu_order":0,"comment_status":"closed","ping_status":"closed","template":"","meta":[],"_links":{"self":[{"href":"https:\/\/www.slb.nu\/slbanalys\/wp-json\/wp\/v2\/pages\/6376"}],"collection":[{"href":"https:\/\/www.slb.nu\/slbanalys\/wp-json\/wp\/v2\/pages"}],"about":[{"href":"https:\/\/www.slb.nu\/slbanalys\/wp-json\/wp\/v2\/types\/page"}],"author":[{"embeddable":true,"href":"https:\/\/www.slb.nu\/slbanalys\/wp-json\/wp\/v2\/users\/13"}],"replies":[{"embeddable":true,"href":"https:\/\/www.slb.nu\/slbanalys\/wp-json\/wp\/v2\/comments?post=6376"}],"version-history":[{"count":5,"href":"https:\/\/www.slb.nu\/slbanalys\/wp-json\/wp\/v2\/pages\/6376\/revisions"}],"predecessor-version":[{"id":6383,"href":"https:\/\/www.slb.nu\/slbanalys\/wp-json\/wp\/v2\/pages\/6376\/revisions\/6383"}],"wp:attachment":[{"href":"https:\/\/www.slb.nu\/slbanalys\/wp-json\/wp\/v2\/media?parent=6376"}],"curies":[{"name":"wp","href":"https:\/\/api.w.org\/{rel}","templated":true}]}}