{"id":83,"date":"2015-08-14T08:22:51","date_gmt":"2015-08-14T08:22:51","guid":{"rendered":"http:\/\/puppetmaster.slb.nu\/slbanalys\/?page_id=83"},"modified":"2022-10-03T09:42:26","modified_gmt":"2022-10-03T07:42:26","slug":"framsida","status":"publish","type":"page","link":"https:\/\/www.slb.nu\/slbanalys\/","title":{"rendered":"SLB-analys"},"content":{"rendered":"<div id=\"metaslider-id-7\" style=\"max-width: 960px;\" class=\"ml-slider-3-18-9 metaslider metaslider-nivo metaslider-7 ml-slider\">\n    <div id=\"metaslider_container_7\">\n        <div class='slider-wrapper theme-default'><div class='ribbon'><\/div><div id='metaslider_7' class='nivoSlider'><img src=\"https:\/\/www.slb.nu\/slbanalys\/wp-content\/uploads\/hornsgatan_2mp-scaled-960x300.jpg\" height=\"300\" width=\"960\" data-caption=\"Hornsgatan - en av Stockholms s&auml;mre gator fr&aring;n luftkvalitetssynpunkt.\" title=\"hornsgatan\" alt=\"Hornsgatan - en av Stockholms s\u00e4mre gator fr\u00e5n luftkvalitetssynpunkt.\" class=\"slider-7 slide-4498\" \/><img src=\"https:\/\/www.slb.nu\/slbanalys\/wp-content\/uploads\/essingen_retu-960x300.jpg\" height=\"300\" width=\"960\" data-caption=\"Trafik p&aring; Essingeleden\" title=\"essingen_retu\" alt=\"\" class=\"slider-7 slide-4507\" \/><a href=\"http:\/\/slb.nu\/slbanalys\/matningar\/\" target=\"_self\"><img src=\"https:\/\/www.slb.nu\/slbanalys\/wp-content\/uploads\/2016\/02\/karta_matningar-916x286.png\" height=\"300\" width=\"960\" data-caption=\"SLB-analys m&auml;ter b&aring;de luftf&ouml;roreningshalter och meteorologiska parametrar vid ett flertal stationer i och utanf&ouml;r Stockholmsregionen.\" title=\"karta_matningar\" alt=\"\" class=\"slider-7 slide-4510\" \/><\/a><img src=\"https:\/\/www.slb.nu\/slbanalys\/wp-content\/uploads\/2015\/06\/hornsgatan3-960x300.jpg\" height=\"300\" width=\"960\" data-caption=\"SLB-analys deltar i forskningsprojektet Swedish CardioPulmonary bioImage Study (SCAPIS)  bioImage Study (SCAPIS) luftkvalitetssynpunkt.\" title=\"hornsgatan3\" alt=\"\" class=\"slider-7 slide-4511\" \/><img src=\"https:\/\/www.slb.nu\/slbanalys\/wp-content\/uploads\/2015\/11\/modeller-960x300.png\" height=\"300\" width=\"960\" data-caption=\"SLB-analys har m&aring;ng&aring;rig erfarenhet i CFD-modellering\" title=\"modeller\" alt=\"\" class=\"slider-7 slide-4499\" \/><a href=\"http:\/\/slb.nu\/slbanalys\/spridningsmodeller\/#video\" target=\"_self\"><img src=\"https:\/\/www.slb.nu\/slbanalys\/wp-content\/uploads\/movie.0122-960x300.png\" height=\"300\" width=\"960\" data-caption=\"Filmklipp som visar simulerat fl&ouml;de av luft med hj&auml;lp av CFD i omr&aring;den med t&auml;t bebyggelse \" title=\"CFD\" alt=\"\" class=\"slider-7 slide-4509\" \/><\/a><\/div><\/div>\n        \n    <\/div>\n<\/div>\n<p>SLB-analys (Stockholms Luft- och Bulleranalys) \u00e4r en enhet p\u00e5 Milj\u00f6f\u00f6rvaltningen i Stockholm som ansvarar f\u00f6r \u00f6vervakningen av luftmilj\u00f6n i staden. SLB-analys driver ocks\u00e5 ett regionalt system f\u00f6r luft\u00f6vervakning p\u00e5 uppdrag av <a href=\"http:\/\/www.oslvf.se\" target=\"_blank\" rel=\"noopener noreferrer\">\u00d6stra Sveriges Luftv\u00e5rdsf\u00f6rbund<\/a>. Ut\u00f6ver denna verksamhet utf\u00f6rs konsultuppdrag inom luftkvalitet och vindkomfort.<\/p>\n","protected":false},"excerpt":{"rendered":"<p>SLB-analys (Stockholms Luft- och Bulleranalys) \u00e4r en enhet p\u00e5 Milj\u00f6f\u00f6rvaltningen i Stockholm som ansvarar f\u00f6r \u00f6vervakningen av luftmilj\u00f6n i staden. SLB-analys driver ocks\u00e5 ett regionalt system f\u00f6r luft\u00f6vervakning p\u00e5 uppdrag av \u00d6stra Sveriges Luftv\u00e5rdsf\u00f6rbund. Ut\u00f6ver denna verksamhet utf\u00f6rs konsultuppdrag inom luftkvalitet och vindkomfort.<\/p>\n","protected":false},"author":2,"featured_media":0,"parent":0,"menu_order":0,"comment_status":"closed","ping_status":"closed","template":"page-templates\/front-page.php","meta":[],"_links":{"self":[{"href":"https:\/\/www.slb.nu\/slbanalys\/wp-json\/wp\/v2\/pages\/83"}],"collection":[{"href":"https:\/\/www.slb.nu\/slbanalys\/wp-json\/wp\/v2\/pages"}],"about":[{"href":"https:\/\/www.slb.nu\/slbanalys\/wp-json\/wp\/v2\/types\/page"}],"author":[{"embeddable":true,"href":"https:\/\/www.slb.nu\/slbanalys\/wp-json\/wp\/v2\/users\/2"}],"replies":[{"embeddable":true,"href":"https:\/\/www.slb.nu\/slbanalys\/wp-json\/wp\/v2\/comments?post=83"}],"version-history":[{"count":48,"href":"https:\/\/www.slb.nu\/slbanalys\/wp-json\/wp\/v2\/pages\/83\/revisions"}],"predecessor-version":[{"id":6374,"href":"https:\/\/www.slb.nu\/slbanalys\/wp-json\/wp\/v2\/pages\/83\/revisions\/6374"}],"wp:attachment":[{"href":"https:\/\/www.slb.nu\/slbanalys\/wp-json\/wp\/v2\/media?parent=83"}],"curies":[{"name":"wp","href":"https:\/\/api.w.org\/{rel}","templated":true}]}}